{"id":72,"date":"2025-04-04T08:31:59","date_gmt":"2025-04-04T08:31:59","guid":{"rendered":"https:\/\/vk8t29bqllu.preview.infomaniak.website\/?page_id=72"},"modified":"2025-09-11T10:37:40","modified_gmt":"2025-09-11T10:37:40","slug":"advertisinghidden","status":"publish","type":"page","link":"https:\/\/www.aurelelouis.com\/fr\/advertisinghidden\/","title":{"rendered":"ADVERTISING Hidden"},"content":{"rendered":"<p>[et_pb_section fb_built=&#8221;1&#8243; admin_label=&#8221;Header&#8221; _builder_version=&#8221;4.27.4&#8243; _module_preset=&#8221;default&#8221; background_color=&#8221;#009b05&#8243; use_background_color_gradient=&#8221;on&#8221; background_color_gradient_stops=&#8221;#1e5e96 1%|#7cda24 100%&#8221; custom_margin=&#8221;||-152px|||&#8221; custom_padding=&#8221;||156px|||&#8221; global_colors_info=&#8221;{}&#8221;][et_pb_row custom_padding_last_edited=&#8221;on|tablet&#8221; _builder_version=&#8221;4.27.4&#8243; _module_preset=&#8221;default&#8221; min_height=&#8221;227.5px&#8221; min_height_tablet=&#8221;227.5px&#8221; min_height_phone=&#8221;227.5px&#8221; min_height_last_edited=&#8221;on|phone&#8221; custom_padding=&#8221;0px||0px||false|false&#8221; custom_padding_tablet=&#8221;||20px||false|false&#8221; custom_padding_phone=&#8221;||20px||false|false&#8221; global_colors_info=&#8221;{}&#8221;][et_pb_column type=&#8221;4_4&#8243; _builder_version=&#8221;4.16&#8243; _module_preset=&#8221;default&#8221; custom_padding=&#8221;7vw||||false|false&#8221; custom_padding_tablet=&#8221;0vw||||false|false&#8221; custom_padding_phone=&#8221;&#8221; custom_padding_last_edited=&#8221;on|tablet&#8221; global_colors_info=&#8221;{}&#8221;][et_pb_text content_tablet=&#8221;<\/p>\n<h1><span style=\"%22color:\" #ffffff;%22>Publicit\u00e9<\/span><\/h1>\n<p>&#8221; content_phone=&#8221;<\/p>\n<h1><span style=\"%22color:\" #ffffff;%22>Publicit\u00e9<\/span><\/h1>\n<p>&#8221; content_last_edited=&#8221;on|phone&#8221; _builder_version=&#8221;4.27.4&#8243; _module_preset=&#8221;b53a70bb-9f62-4ee5-b34f-c7a321ddbf6c&#8221; text_text_color=&#8221;#FFFFFF&#8221; header_font=&#8221;Mulish|500|||||||&#8221; header_text_align=&#8221;center&#8221; header_text_color=&#8221;#000000&#8243; header_font_size=&#8221;73px&#8221; header_letter_spacing=&#8221;-0.01em&#8221; header_line_height=&#8221;1.1em&#8221; min_height=&#8221;219px&#8221; min_height_tablet=&#8221;174px&#8221; min_height_phone=&#8221;174px&#8221; min_height_last_edited=&#8221;on|phone&#8221; custom_margin=&#8221;-43px|0px|0px||false|false&#8221; custom_margin_tablet=&#8221;-43px|0px|0px||false|false&#8221; custom_margin_phone=&#8221;0px|0px|0px||false|false&#8221; custom_margin_last_edited=&#8221;on|phone&#8221; text_font_size_tablet=&#8221;&#8221; text_font_size_phone=&#8221;26px&#8221; text_font_size_last_edited=&#8221;on|phone&#8221; header_font_size_tablet=&#8221;40px&#8221; header_font_size_phone=&#8221;30px&#8221; header_font_size_last_edited=&#8221;on|desktop&#8221; global_colors_info=&#8221;{}&#8221;]<\/p>\n<h1 style=\"text-align: center;\"><span style=\"color: #ffffff;\">Publicit\u00e9<\/span><\/h1>\n<p>[\/et_pb_text][et_pb_text _builder_version=&#8221;4.27.4&#8243; _module_preset=&#8221;default&#8221; custom_margin_tablet=&#8221;&#8221; custom_margin_phone=&#8221;-28px||||false|false&#8221; custom_margin_last_edited=&#8221;on|phone&#8221; global_colors_info=&#8221;{}&#8221;]<\/p>\n<h4><span style=\"color: #ffffff;\">La musique dans la publicit\u00e9 est un pilier essentiel pour transmettre des \u00e9motions. J'aime relever le d\u00e9fi d'exprimer une id\u00e9e dans des formats courts (voire tr\u00e8s courts). C'est un challenge gratifiant qui fait une diff\u00e9rence significative par rapport \u00e0 la musique g\u00e9n\u00e9rique que l'on trouve sur le web.<\/span><\/h4>\n<p>[\/et_pb_text][\/et_pb_column][\/et_pb_row][et_pb_row _builder_version=&#8221;4.27.4&#8243; _module_preset=&#8221;default&#8221; custom_margin_tablet=&#8221;&#8221; custom_margin_phone=&#8221;&#8221; custom_margin_last_edited=&#8221;on|phone&#8221; global_colors_info=&#8221;{}&#8221;][et_pb_column type=&#8221;4_4&#8243; _builder_version=&#8221;4.27.4&#8243; _module_preset=&#8221;default&#8221; global_colors_info=&#8221;{}&#8221;][et_pb_heading title=&#8221;Project Glacier Optics 2025&#8243; title_tablet=&#8221;Project Glacier Optics 2025&#8243; title_phone=&#8221;Project Glacier Optics 2025&#8243; title_last_edited=&#8221;on|phone&#8221; _builder_version=&#8221;4.27.4&#8243; _module_preset=&#8221;default&#8221; title_text_align=&#8221;center&#8221; title_text_color=&#8221;#FFFFFF&#8221; hover_enabled=&#8221;0&#8243; title_font_size_tablet=&#8221;&#8221; title_font_size_phone=&#8221;15px&#8221; title_font_size_last_edited=&#8221;on|phone&#8221; global_colors_info=&#8221;{}&#8221; sticky_enabled=&#8221;0&#8243;][\/et_pb_heading][et_pb_video src=&#8221;https:\/\/www.youtube.com\/watch?v=FSl6YicFsbs&#8221; _builder_version=&#8221;4.27.4&#8243; _module_preset=&#8221;default&#8221; custom_margin=&#8221;||80px|||&#8221; custom_margin_tablet=&#8221;||80px|||&#8221; custom_margin_phone=&#8221;||0px||false|false&#8221; custom_margin_last_edited=&#8221;on|phone&#8221; hover_enabled=&#8221;0&#8243; global_colors_info=&#8221;{}&#8221; sticky_enabled=&#8221;0&#8243;][\/et_pb_video][\/et_pb_column][\/et_pb_row][et_pb_row _builder_version=&#8221;4.27.4&#8243; _module_preset=&#8221;default&#8221; custom_margin_tablet=&#8221;&#8221; custom_margin_phone=&#8221;&#8221; custom_margin_last_edited=&#8221;on|phone&#8221; global_colors_info=&#8221;{}&#8221;][et_pb_column type=&#8221;4_4&#8243; _builder_version=&#8221;4.27.4&#8243; _module_preset=&#8221;default&#8221; global_colors_info=&#8221;{}&#8221;][et_pb_heading title=&#8221;Project Mercedes 2024&#8243; title_tablet=&#8221;Project Mercedes 2024&#8243; title_phone=&#8221;Project Mercedes 2024&#8243; title_last_edited=&#8221;on|phone&#8221; _builder_version=&#8221;4.27.4&#8243; _module_preset=&#8221;default&#8221; title_text_align=&#8221;center&#8221; title_text_color=&#8221;#FFFFFF&#8221; title_font_size_tablet=&#8221;&#8221; title_font_size_phone=&#8221;15px&#8221; title_font_size_last_edited=&#8221;on|phone&#8221; global_colors_info=&#8221;{}&#8221;][\/et_pb_heading][et_pb_video src=&#8221;https:\/\/vk8t29bqllu.preview.infomaniak.website\/wp-content\/uploads\/2025\/04\/Final.m4v&#8221; _builder_version=&#8221;4.27.4&#8243; _module_preset=&#8221;default&#8221; custom_margin=&#8221;||80px|||&#8221; custom_margin_tablet=&#8221;||80px|||&#8221; custom_margin_phone=&#8221;||0px||false|false&#8221; custom_margin_last_edited=&#8221;on|phone&#8221; global_colors_info=&#8221;{}&#8221;][\/et_pb_video][\/et_pb_column][\/et_pb_row][et_pb_row _builder_version=&#8221;4.27.4&#8243; _module_preset=&#8221;default&#8221; global_colors_info=&#8221;{}&#8221;][et_pb_column type=&#8221;4_4&#8243; _builder_version=&#8221;4.27.4&#8243; _module_preset=&#8221;default&#8221; global_colors_info=&#8221;{}&#8221;][et_pb_heading title=&#8221;Project Lexus 2024&#8243; title_tablet=&#8221;Project Lexus 2024&#8243; title_phone=&#8221;Project Lexus 2024&#8243; title_last_edited=&#8221;on|desktop&#8221; _builder_version=&#8221;4.27.4&#8243; _module_preset=&#8221;default&#8221; title_text_align=&#8221;center&#8221; title_text_color=&#8221;#FFFFFF&#8221; min_height=&#8221;59px&#8221; min_height_tablet=&#8221;59px&#8221; min_height_phone=&#8221;59px&#8221; min_height_last_edited=&#8221;on|phone&#8221; title_font_size_tablet=&#8221;&#8221; title_font_size_phone=&#8221;15px&#8221; title_font_size_last_edited=&#8221;on|phone&#8221; global_colors_info=&#8221;{}&#8221;][\/et_pb_heading][\/et_pb_column][\/et_pb_row][et_pb_row column_structure=&#8221;1_2,1_2&#8243; _builder_version=&#8221;4.27.4&#8243; _module_preset=&#8221;default&#8221; min_height=&#8221;390px&#8221; custom_margin=&#8221;-115px|auto||auto||&#8221; custom_padding=&#8221;119px||119px|0px||&#8221; global_colors_info=&#8221;{}&#8221;][et_pb_column type=&#8221;1_2&#8243; _builder_version=&#8221;4.27.4&#8243; _module_preset=&#8221;default&#8221; global_colors_info=&#8221;{}&#8221;][et_pb_video src=&#8221;https:\/\/www.youtube.com\/watch?v=W6bHM8auAic&#8221; _builder_version=&#8221;4.27.4&#8243; _module_preset=&#8221;default&#8221; min_height=&#8221;64px&#8221; custom_padding=&#8221;0px|||||&#8221; box_shadow_style=&#8221;preset1&#8243; global_colors_info=&#8221;{}&#8221;][\/et_pb_video][\/et_pb_column][et_pb_column type=&#8221;1_2&#8243; _builder_version=&#8221;4.27.4&#8243; _module_preset=&#8221;default&#8221; global_colors_info=&#8221;{}&#8221;][et_pb_video src=&#8221;https:\/\/www.youtube.com\/watch?v=o7ablLwssf4&#8243; _builder_version=&#8221;4.27.4&#8243; _module_preset=&#8221;default&#8221; global_colors_info=&#8221;{}&#8221;][\/et_pb_video][\/et_pb_column][\/et_pb_row][et_pb_row column_structure=&#8221;1_2,1_2&#8243; _builder_version=&#8221;4.27.4&#8243; _module_preset=&#8221;default&#8221; min_height=&#8221;390px&#8221; custom_margin=&#8221;-115px|auto||auto||&#8221; custom_padding=&#8221;|||0px||&#8221; global_colors_info=&#8221;{}&#8221;][et_pb_column type=&#8221;1_2&#8243; _builder_version=&#8221;4.27.4&#8243; _module_preset=&#8221;default&#8221; global_colors_info=&#8221;{}&#8221;][et_pb_video src=&#8221;https:\/\/www.youtube.com\/watch?v=kyMzV2qg_-8&#8243; _builder_version=&#8221;4.27.4&#8243; _module_preset=&#8221;default&#8221; min_height=&#8221;64px&#8221; custom_padding=&#8221;0px|||||&#8221; box_shadow_style=&#8221;preset1&#8243; global_colors_info=&#8221;{}&#8221;][\/et_pb_video][\/et_pb_column][et_pb_column type=&#8221;1_2&#8243; _builder_version=&#8221;4.27.4&#8243; _module_preset=&#8221;default&#8221; global_colors_info=&#8221;{}&#8221;][et_pb_video src=&#8221;https:\/\/www.youtube.com\/watch?v=4kwXmkfk1Lk&#8221; _builder_version=&#8221;4.27.4&#8243; _module_preset=&#8221;default&#8221; global_colors_info=&#8221;{}&#8221;][\/et_pb_video][\/et_pb_column][\/et_pb_row][\/et_pb_section][et_pb_section fb_built=&#8221;1&#8243; custom_padding_last_edited=&#8221;on|desktop&#8221; _builder_version=&#8221;4.27.4&#8243; _module_preset=&#8221;default&#8221; background_color=&#8221;#0a0000&#8243; custom_margin=&#8221;||0px||false|false&#8221; custom_padding_tablet=&#8221;&#8221; custom_padding_phone=&#8221;&#8221; global_colors_info=&#8221;{}&#8221;][et_pb_row _builder_version=&#8221;4.27.4&#8243; _module_preset=&#8221;default&#8221; width_tablet=&#8221;100%&#8221; width_phone=&#8221;100%&#8221; width_last_edited=&#8221;on|tablet&#8221; custom_padding=&#8221;0px||||false|false&#8221; global_colors_info=&#8221;{}&#8221;][et_pb_column type=&#8221;4_4&#8243; _builder_version=&#8221;4.16&#8243; _module_preset=&#8221;default&#8221; background_color=&#8221;#000000&#8243; custom_padding=&#8221;100px|60px|100px|60px|true|true&#8221; custom_padding_tablet=&#8221;30px|30px|30px|30px|true|true&#8221; custom_padding_phone=&#8221;50px|20px|50px|20px|true|true&#8221; custom_padding_last_edited=&#8221;on|tablet&#8221; global_colors_info=&#8221;{}&#8221;][et_pb_contact_form email=&#8221;prod.aurelelouis@gmail.com&#8221; title=&#8221;CONTACT&#8221; _builder_version=&#8221;4.27.4&#8243; _module_preset=&#8221;default&#8221; _unique_id=&#8221;a52547ec-5548-4542-8482-35a8fc045f48&#8243; form_field_text_color=&#8221;#000000&#8243; form_field_focus_text_color=&#8221;#000000&#8243; title_text_color=&#8221;#FFFFFF&#8221; captcha_text_color=&#8221;#FFFFFF&#8221; custom_button=&#8221;on&#8221; button_text_color=&#8221;#FFFFFF&#8221; global_colors_info=&#8221;{}&#8221;][et_pb_contact_field field_id=&#8221;Name&#8221; field_title=&#8221;Name&#8221; _builder_version=&#8221;4.16&#8243; global_colors_info=&#8221;{}&#8221; button_text_size__hover_enabled=&#8221;off&#8221; button_one_text_size__hover_enabled=&#8221;off&#8221; button_two_text_size__hover_enabled=&#8221;off&#8221; button_text_color__hover_enabled=&#8221;off&#8221; button_one_text_color__hover_enabled=&#8221;off&#8221; button_two_text_color__hover_enabled=&#8221;off&#8221; button_border_width__hover_enabled=&#8221;off&#8221; button_one_border_width__hover_enabled=&#8221;off&#8221; button_two_border_width__hover_enabled=&#8221;off&#8221; button_border_color__hover_enabled=&#8221;off&#8221; button_one_border_color__hover_enabled=&#8221;off&#8221; button_two_border_color__hover_enabled=&#8221;off&#8221; button_border_radius__hover_enabled=&#8221;off&#8221; button_one_border_radius__hover_enabled=&#8221;off&#8221; button_two_border_radius__hover_enabled=&#8221;off&#8221; button_letter_spacing__hover_enabled=&#8221;off&#8221; button_one_letter_spacing__hover_enabled=&#8221;off&#8221; button_two_letter_spacing__hover_enabled=&#8221;off&#8221; button_bg_color__hover_enabled=&#8221;off&#8221; button_one_bg_color__hover_enabled=&#8221;off&#8221; button_two_bg_color__hover_enabled=&#8221;off&#8221;][\/et_pb_contact_field][et_pb_contact_field field_id=&#8221;Email&#8221; field_title=&#8221;Email Address&#8221; field_type=&#8221;email&#8221; _builder_version=&#8221;4.16&#8243; global_colors_info=&#8221;{}&#8221; button_text_size__hover_enabled=&#8221;off&#8221; button_one_text_size__hover_enabled=&#8221;off&#8221; button_two_text_size__hover_enabled=&#8221;off&#8221; button_text_color__hover_enabled=&#8221;off&#8221; button_one_text_color__hover_enabled=&#8221;off&#8221; button_two_text_color__hover_enabled=&#8221;off&#8221; button_border_width__hover_enabled=&#8221;off&#8221; button_one_border_width__hover_enabled=&#8221;off&#8221; button_two_border_width__hover_enabled=&#8221;off&#8221; button_border_color__hover_enabled=&#8221;off&#8221; button_one_border_color__hover_enabled=&#8221;off&#8221; button_two_border_color__hover_enabled=&#8221;off&#8221; button_border_radius__hover_enabled=&#8221;off&#8221; button_one_border_radius__hover_enabled=&#8221;off&#8221; button_two_border_radius__hover_enabled=&#8221;off&#8221; button_letter_spacing__hover_enabled=&#8221;off&#8221; button_one_letter_spacing__hover_enabled=&#8221;off&#8221; button_two_letter_spacing__hover_enabled=&#8221;off&#8221; button_bg_color__hover_enabled=&#8221;off&#8221; button_one_bg_color__hover_enabled=&#8221;off&#8221; button_two_bg_color__hover_enabled=&#8221;off&#8221;][\/et_pb_contact_field][et_pb_contact_field field_id=&#8221;Message&#8221; field_title=&#8221;Message&#8221; field_type=&#8221;text&#8221; fullwidth_field=&#8221;on&#8221; _builder_version=&#8221;4.16&#8243; global_colors_info=&#8221;{}&#8221; button_text_size__hover_enabled=&#8221;off&#8221; button_one_text_size__hover_enabled=&#8221;off&#8221; button_two_text_size__hover_enabled=&#8221;off&#8221; button_text_color__hover_enabled=&#8221;off&#8221; button_one_text_color__hover_enabled=&#8221;off&#8221; button_two_text_color__hover_enabled=&#8221;off&#8221; button_border_width__hover_enabled=&#8221;off&#8221; button_one_border_width__hover_enabled=&#8221;off&#8221; button_two_border_width__hover_enabled=&#8221;off&#8221; button_border_color__hover_enabled=&#8221;off&#8221; button_one_border_color__hover_enabled=&#8221;off&#8221; button_two_border_color__hover_enabled=&#8221;off&#8221; button_border_radius__hover_enabled=&#8221;off&#8221; button_one_border_radius__hover_enabled=&#8221;off&#8221; button_two_border_radius__hover_enabled=&#8221;off&#8221; button_letter_spacing__hover_enabled=&#8221;off&#8221; button_one_letter_spacing__hover_enabled=&#8221;off&#8221; button_two_letter_spacing__hover_enabled=&#8221;off&#8221; button_bg_color__hover_enabled=&#8221;off&#8221; button_one_bg_color__hover_enabled=&#8221;off&#8221; button_two_bg_color__hover_enabled=&#8221;off&#8221;][\/et_pb_contact_field][\/et_pb_contact_form][\/et_pb_column][\/et_pb_row][\/et_pb_section]<\/p>","protected":false},"excerpt":{"rendered":"<p>AdvertisingMusic in advertising is a key pillar in conveying emotions. I love the challenge of expressing an idea in short (even very short) formats. It\u2019s a rewarding challenge that makes a significant difference compared to the generic music found on the web.<\/p>","protected":false},"author":1,"featured_media":0,"parent":0,"menu_order":0,"comment_status":"closed","ping_status":"closed","template":"","meta":{"_et_pb_use_builder":"on","_et_pb_old_content":"","_et_gb_content_width":"","footnotes":""},"class_list":["post-72","page","type-page","status-publish","hentry"],"yoast_head":"<!-- This site is optimized with the Yoast SEO plugin v24.9 - https:\/\/yoast.com\/wordpress\/plugins\/seo\/ -->\n<title>ADVERTISING Hidden - Aur\u00e8le Louis<\/title>\n<meta name=\"robots\" content=\"index, follow, max-snippet:-1, max-image-preview:large, max-video-preview:-1\" \/>\n<link rel=\"canonical\" href=\"https:\/\/www.aurelelouis.com\/fr\/advertisinghidden\/\" \/>\n<meta property=\"og:locale\" content=\"fr_FR\" \/>\n<meta property=\"og:type\" content=\"article\" \/>\n<meta property=\"og:title\" content=\"ADVERTISING Hidden - Aur\u00e8le Louis\" \/>\n<meta property=\"og:description\" content=\"AdvertisingMusic in advertising is a key pillar in conveying emotions. I love the challenge of expressing an idea in short (even very short) formats. It\u2019s a rewarding challenge that makes a significant difference compared to the generic music found on the web.\" \/>\n<meta property=\"og:url\" content=\"https:\/\/www.aurelelouis.com\/fr\/advertisinghidden\/\" \/>\n<meta property=\"og:site_name\" content=\"Aur\u00e8le Louis\" \/>\n<meta property=\"article:modified_time\" content=\"2025-09-11T10:37:40+00:00\" \/>\n<meta name=\"twitter:card\" content=\"summary_large_image\" \/>\n<meta name=\"twitter:label1\" content=\"Dur\u00e9e de lecture estim\u00e9e\" \/>\n\t<meta name=\"twitter:data1\" content=\"8 minutes\" \/>\n<script type=\"application\/ld+json\" class=\"yoast-schema-graph\">{\"@context\":\"https:\/\/schema.org\",\"@graph\":[{\"@type\":\"WebPage\",\"@id\":\"https:\/\/www.aurelelouis.com\/advertisinghidden\/\",\"url\":\"https:\/\/www.aurelelouis.com\/advertisinghidden\/\",\"name\":\"ADVERTISING Hidden - Aur\u00e8le Louis\",\"isPartOf\":{\"@id\":\"https:\/\/www.aurelelouis.com\/#website\"},\"datePublished\":\"2025-04-04T08:31:59+00:00\",\"dateModified\":\"2025-09-11T10:37:40+00:00\",\"breadcrumb\":{\"@id\":\"https:\/\/www.aurelelouis.com\/advertisinghidden\/#breadcrumb\"},\"inLanguage\":\"fr-FR\",\"potentialAction\":[{\"@type\":\"ReadAction\",\"target\":[\"https:\/\/www.aurelelouis.com\/advertisinghidden\/\"]}]},{\"@type\":\"BreadcrumbList\",\"@id\":\"https:\/\/www.aurelelouis.com\/advertisinghidden\/#breadcrumb\",\"itemListElement\":[{\"@type\":\"ListItem\",\"position\":1,\"name\":\"Home\",\"item\":\"https:\/\/www.aurelelouis.com\/\"},{\"@type\":\"ListItem\",\"position\":2,\"name\":\"ADVERTISING Hidden\"}]},{\"@type\":\"WebSite\",\"@id\":\"https:\/\/www.aurelelouis.com\/#website\",\"url\":\"https:\/\/www.aurelelouis.com\/\",\"name\":\"Aur\u00e8le Louis\",\"description\":\"Producer and musician\",\"publisher\":{\"@id\":\"https:\/\/www.aurelelouis.com\/#\/schema\/person\/aef6aab55ee8c4f5849c4cb855a841f8\"},\"potentialAction\":[{\"@type\":\"SearchAction\",\"target\":{\"@type\":\"EntryPoint\",\"urlTemplate\":\"https:\/\/www.aurelelouis.com\/?s={search_term_string}\"},\"query-input\":{\"@type\":\"PropertyValueSpecification\",\"valueRequired\":true,\"valueName\":\"search_term_string\"}}],\"inLanguage\":\"fr-FR\"},{\"@type\":[\"Person\",\"Organization\"],\"@id\":\"https:\/\/www.aurelelouis.com\/#\/schema\/person\/aef6aab55ee8c4f5849c4cb855a841f8\",\"name\":\"prod.aurelelouis@gmail.com\",\"image\":{\"@type\":\"ImageObject\",\"inLanguage\":\"fr-FR\",\"@id\":\"https:\/\/www.aurelelouis.com\/#\/schema\/person\/image\/\",\"url\":\"https:\/\/www.aurelelouis.com\/wp-content\/uploads\/2025\/04\/cropped-LOGO.png\",\"contentUrl\":\"https:\/\/www.aurelelouis.com\/wp-content\/uploads\/2025\/04\/cropped-LOGO.png\",\"width\":512,\"height\":512,\"caption\":\"prod.aurelelouis@gmail.com\"},\"logo\":{\"@id\":\"https:\/\/www.aurelelouis.com\/#\/schema\/person\/image\/\"},\"sameAs\":[\"https:\/\/adf.aurelelouis.com\"]}]}<\/script>\n<!-- \/ Yoast SEO plugin. -->","yoast_head_json":{"title":"ADVERTISING Hidden - Aur\u00e8le Louis","robots":{"index":"index","follow":"follow","max-snippet":"max-snippet:-1","max-image-preview":"max-image-preview:large","max-video-preview":"max-video-preview:-1"},"canonical":"https:\/\/www.aurelelouis.com\/fr\/advertisinghidden\/","og_locale":"fr_FR","og_type":"article","og_title":"ADVERTISING Hidden - Aur\u00e8le Louis","og_description":"AdvertisingMusic in advertising is a key pillar in conveying emotions. I love the challenge of expressing an idea in short (even very short) formats. It\u2019s a rewarding challenge that makes a significant difference compared to the generic music found on the web.","og_url":"https:\/\/www.aurelelouis.com\/fr\/advertisinghidden\/","og_site_name":"Aur\u00e8le Louis","article_modified_time":"2025-09-11T10:37:40+00:00","twitter_card":"summary_large_image","twitter_misc":{"Dur\u00e9e de lecture estim\u00e9e":"8 minutes"},"schema":{"@context":"https:\/\/schema.org","@graph":[{"@type":"WebPage","@id":"https:\/\/www.aurelelouis.com\/advertisinghidden\/","url":"https:\/\/www.aurelelouis.com\/advertisinghidden\/","name":"ADVERTISING Hidden - Aur\u00e8le Louis","isPartOf":{"@id":"https:\/\/www.aurelelouis.com\/#website"},"datePublished":"2025-04-04T08:31:59+00:00","dateModified":"2025-09-11T10:37:40+00:00","breadcrumb":{"@id":"https:\/\/www.aurelelouis.com\/advertisinghidden\/#breadcrumb"},"inLanguage":"fr-FR","potentialAction":[{"@type":"ReadAction","target":["https:\/\/www.aurelelouis.com\/advertisinghidden\/"]}]},{"@type":"BreadcrumbList","@id":"https:\/\/www.aurelelouis.com\/advertisinghidden\/#breadcrumb","itemListElement":[{"@type":"ListItem","position":1,"name":"Home","item":"https:\/\/www.aurelelouis.com\/"},{"@type":"ListItem","position":2,"name":"ADVERTISING Hidden"}]},{"@type":"WebSite","@id":"https:\/\/www.aurelelouis.com\/#website","url":"https:\/\/www.aurelelouis.com\/","name":"Aur\u00e8le Louis","description":"Producer and musician","publisher":{"@id":"https:\/\/www.aurelelouis.com\/#\/schema\/person\/aef6aab55ee8c4f5849c4cb855a841f8"},"potentialAction":[{"@type":"SearchAction","target":{"@type":"EntryPoint","urlTemplate":"https:\/\/www.aurelelouis.com\/?s={search_term_string}"},"query-input":{"@type":"PropertyValueSpecification","valueRequired":true,"valueName":"search_term_string"}}],"inLanguage":"fr-FR"},{"@type":["Person","Organization"],"@id":"https:\/\/www.aurelelouis.com\/#\/schema\/person\/aef6aab55ee8c4f5849c4cb855a841f8","name":"prod.aurelelouis@gmail.com","image":{"@type":"ImageObject","inLanguage":"fr-FR","@id":"https:\/\/www.aurelelouis.com\/#\/schema\/person\/image\/","url":"https:\/\/www.aurelelouis.com\/wp-content\/uploads\/2025\/04\/cropped-LOGO.png","contentUrl":"https:\/\/www.aurelelouis.com\/wp-content\/uploads\/2025\/04\/cropped-LOGO.png","width":512,"height":512,"caption":"prod.aurelelouis@gmail.com"},"logo":{"@id":"https:\/\/www.aurelelouis.com\/#\/schema\/person\/image\/"},"sameAs":["https:\/\/adf.aurelelouis.com"]}]}},"_links":{"self":[{"href":"https:\/\/www.aurelelouis.com\/fr\/wp-json\/wp\/v2\/pages\/72","targetHints":{"allow":["GET"]}}],"collection":[{"href":"https:\/\/www.aurelelouis.com\/fr\/wp-json\/wp\/v2\/pages"}],"about":[{"href":"https:\/\/www.aurelelouis.com\/fr\/wp-json\/wp\/v2\/types\/page"}],"author":[{"embeddable":true,"href":"https:\/\/www.aurelelouis.com\/fr\/wp-json\/wp\/v2\/users\/1"}],"replies":[{"embeddable":true,"href":"https:\/\/www.aurelelouis.com\/fr\/wp-json\/wp\/v2\/comments?post=72"}],"version-history":[{"count":29,"href":"https:\/\/www.aurelelouis.com\/fr\/wp-json\/wp\/v2\/pages\/72\/revisions"}],"predecessor-version":[{"id":364,"href":"https:\/\/www.aurelelouis.com\/fr\/wp-json\/wp\/v2\/pages\/72\/revisions\/364"}],"wp:attachment":[{"href":"https:\/\/www.aurelelouis.com\/fr\/wp-json\/wp\/v2\/media?parent=72"}],"curies":[{"name":"wp","href":"https:\/\/api.w.org\/{rel}","templated":true}]}}