{"id":165,"date":"2025-04-07T13:50:36","date_gmt":"2025-04-07T13:50:36","guid":{"rendered":"https:\/\/vk8t29bqllu.preview.infomaniak.website\/?page_id=165"},"modified":"2025-04-11T19:39:16","modified_gmt":"2025-04-11T19:39:16","slug":"photography","status":"publish","type":"page","link":"https:\/\/www.aurelelouis.com\/fr\/photography\/","title":{"rendered":"PHOTOGRAPHIE"},"content":{"rendered":"<p>[et_pb_section fb_built=&#8221;1&#8243; admin_label=&#8221;Header&#8221; _builder_version=&#8221;4.27.4&#8243; _module_preset=&#8221;default&#8221; background_color=&#8221;#0a0000&#8243; custom_margin=&#8221;||-152px|||&#8221; custom_padding=&#8221;||156px|||&#8221; global_colors_info=&#8221;{}&#8221;][et_pb_row _builder_version=&#8221;4.27.4&#8243; _module_preset=&#8221;default&#8221; min_height=&#8221;227.5px&#8221; min_height_tablet=&#8221;227.5px&#8221; min_height_phone=&#8221;227.5px&#8221; min_height_last_edited=&#8221;on|phone&#8221; custom_padding=&#8221;0px||0px||false|false&#8221; global_colors_info=&#8221;{}&#8221;][et_pb_column type=&#8221;4_4&#8243; _builder_version=&#8221;4.16&#8243; _module_preset=&#8221;default&#8221; custom_padding=&#8221;7vw||||false|false&#8221; custom_padding_tablet=&#8221;0vw||||false|false&#8221; custom_padding_phone=&#8221;&#8221; custom_padding_last_edited=&#8221;on|tablet&#8221; global_colors_info=&#8221;{}&#8221;][et_pb_text _builder_version=&#8221;4.27.4&#8243; _module_preset=&#8221;b53a70bb-9f62-4ee5-b34f-c7a321ddbf6c&#8221; header_font=&#8221;Mulish|500|||||||&#8221; header_text_align=&#8221;center&#8221; header_text_color=&#8221;#000000&#8243; header_font_size=&#8221;100px&#8221; header_letter_spacing=&#8221;-0.01em&#8221; header_line_height=&#8221;1.1em&#8221; min_height=&#8221;174px&#8221; min_height_tablet=&#8221;174px&#8221; min_height_phone=&#8221;174px&#8221; min_height_last_edited=&#8221;on|phone&#8221; custom_margin=&#8221;-43px|0px|0px||false|false&#8221; custom_margin_tablet=&#8221;-43px|0px|0px||false|false&#8221; custom_margin_phone=&#8221;0px|0px|0px||false|false&#8221; custom_margin_last_edited=&#8221;on|phone&#8221; hover_enabled=&#8221;0&#8243; header_font_size_tablet=&#8221;40px&#8221; header_font_size_phone=&#8221;24px&#8221; header_font_size_last_edited=&#8221;on|desktop&#8221; global_colors_info=&#8221;{}&#8221; sticky_enabled=&#8221;0&#8243;]<\/p>\n<h1><span style=\"color: #ffffff;\">Photographie<\/span><\/h1>\n<p>[\/et_pb_text][et_pb_text _builder_version=&#8221;4.27.4&#8243; _module_preset=&#8221;default&#8221; min_height=&#8221;82px&#8221; global_colors_info=&#8221;{}&#8221;]<\/p>\n<h4><span style=\"color: #ffffff;\">Je fais de la photographie analogique en tant que hobby et je n'ai pas la pr\u00e9tention de faire cela professionnellement. Ceci \u00e9tant dit, je suis ouvert \u00e0 participer \u00e0 votre projet \ud83d\ude42 .<\/span><\/h4>\n<p><span style=\"color: #ffffff;\"><\/span><\/p>\n<p>[\/et_pb_text][\/et_pb_column][\/et_pb_row][et_pb_row _builder_version=&#8221;4.27.4&#8243; _module_preset=&#8221;default&#8221; min_height=&#8221;826.4px&#8221; global_colors_info=&#8221;{}&#8221;][et_pb_column type=&#8221;4_4&#8243; _builder_version=&#8221;4.27.4&#8243; _module_preset=&#8221;default&#8221; global_colors_info=&#8221;{}&#8221;][et_pb_gallery gallery_ids=&#8221;167,168,169,170,171,172,173,174,175,176,177,178,179,180,181&#8243; gallery_orderby=&#8221;rand&#8221; posts_number=&#8221;20&#8243; show_title_and_caption=&#8221;off&#8221; show_pagination=&#8221;off&#8221; _builder_version=&#8221;4.27.4&#8243; _module_preset=&#8221;default&#8221; width_last_edited=&#8221;off|tablet&#8221; global_colors_info=&#8221;{}&#8221;][\/et_pb_gallery][\/et_pb_column][\/et_pb_row][\/et_pb_section][et_pb_section fb_built=&#8221;1&#8243; custom_padding_last_edited=&#8221;on|desktop&#8221; _builder_version=&#8221;4.27.4&#8243; _module_preset=&#8221;default&#8221; background_color=&#8221;#0a0000&#8243; custom_margin=&#8221;||0px||false|false&#8221; custom_padding_tablet=&#8221;&#8221; custom_padding_phone=&#8221;&#8221; global_colors_info=&#8221;{}&#8221; theme_builder_area=&#8221;post_content&#8221;][et_pb_row _builder_version=&#8221;4.27.4&#8243; _module_preset=&#8221;default&#8221; width_tablet=&#8221;100%&#8221; width_phone=&#8221;100%&#8221; width_last_edited=&#8221;on|tablet&#8221; custom_padding=&#8221;0px||||false|false&#8221; global_colors_info=&#8221;{}&#8221; theme_builder_area=&#8221;post_content&#8221;][et_pb_column type=&#8221;4_4&#8243; _builder_version=&#8221;4.16&#8243; _module_preset=&#8221;default&#8221; background_color=&#8221;#000000&#8243; custom_padding=&#8221;100px|60px|100px|60px|true|true&#8221; custom_padding_tablet=&#8221;30px|30px|30px|30px|true|true&#8221; custom_padding_phone=&#8221;50px|20px|50px|20px|true|true&#8221; custom_padding_last_edited=&#8221;on|tablet&#8221; global_colors_info=&#8221;{}&#8221; theme_builder_area=&#8221;post_content&#8221;][et_pb_contact_form email=&#8221;prod.aurelelouis@gmail.com&#8221; title=&#8221;CONTACT&#8221; _builder_version=&#8221;4.27.4&#8243; _module_preset=&#8221;default&#8221; _unique_id=&#8221;a52547ec-5548-4542-8482-35a8fc045f48&#8243; form_field_text_color=&#8221;#000000&#8243; form_field_focus_text_color=&#8221;#000000&#8243; title_text_color=&#8221;#FFFFFF&#8221; captcha_text_color=&#8221;#FFFFFF&#8221; custom_button=&#8221;on&#8221; button_text_color=&#8221;#FFFFFF&#8221; global_colors_info=&#8221;{}&#8221; theme_builder_area=&#8221;post_content&#8221;][et_pb_contact_field field_id=&#8221;Name&#8221; field_title=&#8221;Name&#8221; _builder_version=&#8221;4.16&#8243; global_colors_info=&#8221;{}&#8221; button_text_size__hover_enabled=&#8221;off&#8221; button_one_text_size__hover_enabled=&#8221;off&#8221; button_two_text_size__hover_enabled=&#8221;off&#8221; button_text_color__hover_enabled=&#8221;off&#8221; button_one_text_color__hover_enabled=&#8221;off&#8221; button_two_text_color__hover_enabled=&#8221;off&#8221; button_border_width__hover_enabled=&#8221;off&#8221; button_one_border_width__hover_enabled=&#8221;off&#8221; button_two_border_width__hover_enabled=&#8221;off&#8221; button_border_color__hover_enabled=&#8221;off&#8221; button_one_border_color__hover_enabled=&#8221;off&#8221; button_two_border_color__hover_enabled=&#8221;off&#8221; button_border_radius__hover_enabled=&#8221;off&#8221; button_one_border_radius__hover_enabled=&#8221;off&#8221; button_two_border_radius__hover_enabled=&#8221;off&#8221; button_letter_spacing__hover_enabled=&#8221;off&#8221; button_one_letter_spacing__hover_enabled=&#8221;off&#8221; button_two_letter_spacing__hover_enabled=&#8221;off&#8221; button_bg_color__hover_enabled=&#8221;off&#8221; button_one_bg_color__hover_enabled=&#8221;off&#8221; button_two_bg_color__hover_enabled=&#8221;off&#8221; theme_builder_area=&#8221;post_content&#8221;][\/et_pb_contact_field][et_pb_contact_field field_id=&#8221;Email&#8221; field_title=&#8221;Email Address&#8221; field_type=&#8221;email&#8221; _builder_version=&#8221;4.16&#8243; global_colors_info=&#8221;{}&#8221; button_text_size__hover_enabled=&#8221;off&#8221; button_one_text_size__hover_enabled=&#8221;off&#8221; button_two_text_size__hover_enabled=&#8221;off&#8221; button_text_color__hover_enabled=&#8221;off&#8221; button_one_text_color__hover_enabled=&#8221;off&#8221; button_two_text_color__hover_enabled=&#8221;off&#8221; button_border_width__hover_enabled=&#8221;off&#8221; button_one_border_width__hover_enabled=&#8221;off&#8221; button_two_border_width__hover_enabled=&#8221;off&#8221; button_border_color__hover_enabled=&#8221;off&#8221; button_one_border_color__hover_enabled=&#8221;off&#8221; button_two_border_color__hover_enabled=&#8221;off&#8221; button_border_radius__hover_enabled=&#8221;off&#8221; button_one_border_radius__hover_enabled=&#8221;off&#8221; button_two_border_radius__hover_enabled=&#8221;off&#8221; button_letter_spacing__hover_enabled=&#8221;off&#8221; button_one_letter_spacing__hover_enabled=&#8221;off&#8221; button_two_letter_spacing__hover_enabled=&#8221;off&#8221; button_bg_color__hover_enabled=&#8221;off&#8221; button_one_bg_color__hover_enabled=&#8221;off&#8221; button_two_bg_color__hover_enabled=&#8221;off&#8221; theme_builder_area=&#8221;post_content&#8221;][\/et_pb_contact_field][et_pb_contact_field field_id=&#8221;Message&#8221; field_title=&#8221;Message&#8221; field_type=&#8221;text&#8221; fullwidth_field=&#8221;on&#8221; _builder_version=&#8221;4.16&#8243; global_colors_info=&#8221;{}&#8221; button_text_size__hover_enabled=&#8221;off&#8221; button_one_text_size__hover_enabled=&#8221;off&#8221; button_two_text_size__hover_enabled=&#8221;off&#8221; button_text_color__hover_enabled=&#8221;off&#8221; button_one_text_color__hover_enabled=&#8221;off&#8221; button_two_text_color__hover_enabled=&#8221;off&#8221; button_border_width__hover_enabled=&#8221;off&#8221; button_one_border_width__hover_enabled=&#8221;off&#8221; button_two_border_width__hover_enabled=&#8221;off&#8221; button_border_color__hover_enabled=&#8221;off&#8221; button_one_border_color__hover_enabled=&#8221;off&#8221; button_two_border_color__hover_enabled=&#8221;off&#8221; button_border_radius__hover_enabled=&#8221;off&#8221; button_one_border_radius__hover_enabled=&#8221;off&#8221; button_two_border_radius__hover_enabled=&#8221;off&#8221; button_letter_spacing__hover_enabled=&#8221;off&#8221; button_one_letter_spacing__hover_enabled=&#8221;off&#8221; button_two_letter_spacing__hover_enabled=&#8221;off&#8221; button_bg_color__hover_enabled=&#8221;off&#8221; button_one_bg_color__hover_enabled=&#8221;off&#8221; button_two_bg_color__hover_enabled=&#8221;off&#8221; theme_builder_area=&#8221;post_content&#8221;][\/et_pb_contact_field][\/et_pb_contact_form][\/et_pb_column][\/et_pb_row][\/et_pb_section]<\/p>","protected":false},"excerpt":{"rendered":"<p>PhotographyI shoot analog photography as a hobby and have no pretention to do it professionnaly. That being said, I&#8217;d be open if you want me to shoot picture for your project \ud83d\ude42<\/p>","protected":false},"author":1,"featured_media":0,"parent":0,"menu_order":0,"comment_status":"closed","ping_status":"closed","template":"","meta":{"_et_pb_use_builder":"on","_et_pb_old_content":"","_et_gb_content_width":"","footnotes":""},"class_list":["post-165","page","type-page","status-publish","hentry"],"yoast_head":"<!-- This site is optimized with the Yoast SEO plugin v24.9 - https:\/\/yoast.com\/wordpress\/plugins\/seo\/ -->\n<title>PHOTOGRAPHY - Aur\u00e8le Louis<\/title>\n<meta name=\"robots\" content=\"index, follow, max-snippet:-1, max-image-preview:large, max-video-preview:-1\" \/>\n<link rel=\"canonical\" href=\"https:\/\/www.aurelelouis.com\/fr\/photography\/\" \/>\n<meta property=\"og:locale\" content=\"fr_FR\" \/>\n<meta property=\"og:type\" content=\"article\" \/>\n<meta property=\"og:title\" content=\"PHOTOGRAPHY - Aur\u00e8le Louis\" \/>\n<meta property=\"og:description\" content=\"PhotographyI shoot analog photography as a hobby and have no pretention to do it professionnaly. That being said, I&#039;d be open if you want me to shoot picture for your project :-)\" \/>\n<meta property=\"og:url\" content=\"https:\/\/www.aurelelouis.com\/fr\/photography\/\" \/>\n<meta property=\"og:site_name\" content=\"Aur\u00e8le Louis\" \/>\n<meta property=\"article:modified_time\" content=\"2025-04-11T19:39:16+00:00\" \/>\n<meta name=\"twitter:card\" content=\"summary_large_image\" \/>\n<meta name=\"twitter:label1\" content=\"Dur\u00e9e de lecture estim\u00e9e\" \/>\n\t<meta name=\"twitter:data1\" content=\"5 minutes\" \/>\n<script type=\"application\/ld+json\" class=\"yoast-schema-graph\">{\"@context\":\"https:\/\/schema.org\",\"@graph\":[{\"@type\":\"WebPage\",\"@id\":\"https:\/\/www.aurelelouis.com\/fr\/photography\/\",\"url\":\"https:\/\/www.aurelelouis.com\/fr\/photography\/\",\"name\":\"PHOTOGRAPHY - Aur\u00e8le Louis\",\"isPartOf\":{\"@id\":\"https:\/\/www.aurelelouis.com\/#website\"},\"datePublished\":\"2025-04-07T13:50:36+00:00\",\"dateModified\":\"2025-04-11T19:39:16+00:00\",\"breadcrumb\":{\"@id\":\"https:\/\/www.aurelelouis.com\/fr\/photography\/#breadcrumb\"},\"inLanguage\":\"fr-FR\",\"potentialAction\":[{\"@type\":\"ReadAction\",\"target\":[\"https:\/\/www.aurelelouis.com\/fr\/photography\/\"]}]},{\"@type\":\"BreadcrumbList\",\"@id\":\"https:\/\/www.aurelelouis.com\/fr\/photography\/#breadcrumb\",\"itemListElement\":[{\"@type\":\"ListItem\",\"position\":1,\"name\":\"Home\",\"item\":\"https:\/\/www.aurelelouis.com\/\"},{\"@type\":\"ListItem\",\"position\":2,\"name\":\"PHOTOGRAPHY\"}]},{\"@type\":\"WebSite\",\"@id\":\"https:\/\/www.aurelelouis.com\/#website\",\"url\":\"https:\/\/www.aurelelouis.com\/\",\"name\":\"Aur\u00e8le Louis\",\"description\":\"Producer and musician\",\"publisher\":{\"@id\":\"https:\/\/www.aurelelouis.com\/#\/schema\/person\/aef6aab55ee8c4f5849c4cb855a841f8\"},\"potentialAction\":[{\"@type\":\"SearchAction\",\"target\":{\"@type\":\"EntryPoint\",\"urlTemplate\":\"https:\/\/www.aurelelouis.com\/?s={search_term_string}\"},\"query-input\":{\"@type\":\"PropertyValueSpecification\",\"valueRequired\":true,\"valueName\":\"search_term_string\"}}],\"inLanguage\":\"fr-FR\"},{\"@type\":[\"Person\",\"Organization\"],\"@id\":\"https:\/\/www.aurelelouis.com\/#\/schema\/person\/aef6aab55ee8c4f5849c4cb855a841f8\",\"name\":\"prod.aurelelouis@gmail.com\",\"image\":{\"@type\":\"ImageObject\",\"inLanguage\":\"fr-FR\",\"@id\":\"https:\/\/www.aurelelouis.com\/#\/schema\/person\/image\/\",\"url\":\"https:\/\/www.aurelelouis.com\/wp-content\/uploads\/2025\/04\/cropped-LOGO.png\",\"contentUrl\":\"https:\/\/www.aurelelouis.com\/wp-content\/uploads\/2025\/04\/cropped-LOGO.png\",\"width\":512,\"height\":512,\"caption\":\"prod.aurelelouis@gmail.com\"},\"logo\":{\"@id\":\"https:\/\/www.aurelelouis.com\/#\/schema\/person\/image\/\"},\"sameAs\":[\"https:\/\/adf.aurelelouis.com\"]}]}<\/script>\n<!-- \/ Yoast SEO plugin. -->","yoast_head_json":{"title":"PHOTOGRAPHY - Aur\u00e8le Louis","robots":{"index":"index","follow":"follow","max-snippet":"max-snippet:-1","max-image-preview":"max-image-preview:large","max-video-preview":"max-video-preview:-1"},"canonical":"https:\/\/www.aurelelouis.com\/fr\/photography\/","og_locale":"fr_FR","og_type":"article","og_title":"PHOTOGRAPHY - Aur\u00e8le Louis","og_description":"PhotographyI shoot analog photography as a hobby and have no pretention to do it professionnaly. That being said, I'd be open if you want me to shoot picture for your project :-)","og_url":"https:\/\/www.aurelelouis.com\/fr\/photography\/","og_site_name":"Aur\u00e8le Louis","article_modified_time":"2025-04-11T19:39:16+00:00","twitter_card":"summary_large_image","twitter_misc":{"Dur\u00e9e de lecture estim\u00e9e":"5 minutes"},"schema":{"@context":"https:\/\/schema.org","@graph":[{"@type":"WebPage","@id":"https:\/\/www.aurelelouis.com\/fr\/photography\/","url":"https:\/\/www.aurelelouis.com\/fr\/photography\/","name":"PHOTOGRAPHY - Aur\u00e8le Louis","isPartOf":{"@id":"https:\/\/www.aurelelouis.com\/#website"},"datePublished":"2025-04-07T13:50:36+00:00","dateModified":"2025-04-11T19:39:16+00:00","breadcrumb":{"@id":"https:\/\/www.aurelelouis.com\/fr\/photography\/#breadcrumb"},"inLanguage":"fr-FR","potentialAction":[{"@type":"ReadAction","target":["https:\/\/www.aurelelouis.com\/fr\/photography\/"]}]},{"@type":"BreadcrumbList","@id":"https:\/\/www.aurelelouis.com\/fr\/photography\/#breadcrumb","itemListElement":[{"@type":"ListItem","position":1,"name":"Home","item":"https:\/\/www.aurelelouis.com\/"},{"@type":"ListItem","position":2,"name":"PHOTOGRAPHY"}]},{"@type":"WebSite","@id":"https:\/\/www.aurelelouis.com\/#website","url":"https:\/\/www.aurelelouis.com\/","name":"Aur\u00e8le Louis","description":"Producer and musician","publisher":{"@id":"https:\/\/www.aurelelouis.com\/#\/schema\/person\/aef6aab55ee8c4f5849c4cb855a841f8"},"potentialAction":[{"@type":"SearchAction","target":{"@type":"EntryPoint","urlTemplate":"https:\/\/www.aurelelouis.com\/?s={search_term_string}"},"query-input":{"@type":"PropertyValueSpecification","valueRequired":true,"valueName":"search_term_string"}}],"inLanguage":"fr-FR"},{"@type":["Person","Organization"],"@id":"https:\/\/www.aurelelouis.com\/#\/schema\/person\/aef6aab55ee8c4f5849c4cb855a841f8","name":"prod.aurelelouis@gmail.com","image":{"@type":"ImageObject","inLanguage":"fr-FR","@id":"https:\/\/www.aurelelouis.com\/#\/schema\/person\/image\/","url":"https:\/\/www.aurelelouis.com\/wp-content\/uploads\/2025\/04\/cropped-LOGO.png","contentUrl":"https:\/\/www.aurelelouis.com\/wp-content\/uploads\/2025\/04\/cropped-LOGO.png","width":512,"height":512,"caption":"prod.aurelelouis@gmail.com"},"logo":{"@id":"https:\/\/www.aurelelouis.com\/#\/schema\/person\/image\/"},"sameAs":["https:\/\/adf.aurelelouis.com"]}]}},"_links":{"self":[{"href":"https:\/\/www.aurelelouis.com\/fr\/wp-json\/wp\/v2\/pages\/165","targetHints":{"allow":["GET"]}}],"collection":[{"href":"https:\/\/www.aurelelouis.com\/fr\/wp-json\/wp\/v2\/pages"}],"about":[{"href":"https:\/\/www.aurelelouis.com\/fr\/wp-json\/wp\/v2\/types\/page"}],"author":[{"embeddable":true,"href":"https:\/\/www.aurelelouis.com\/fr\/wp-json\/wp\/v2\/users\/1"}],"replies":[{"embeddable":true,"href":"https:\/\/www.aurelelouis.com\/fr\/wp-json\/wp\/v2\/comments?post=165"}],"version-history":[{"count":6,"href":"https:\/\/www.aurelelouis.com\/fr\/wp-json\/wp\/v2\/pages\/165\/revisions"}],"predecessor-version":[{"id":339,"href":"https:\/\/www.aurelelouis.com\/fr\/wp-json\/wp\/v2\/pages\/165\/revisions\/339"}],"wp:attachment":[{"href":"https:\/\/www.aurelelouis.com\/fr\/wp-json\/wp\/v2\/media?parent=165"}],"curies":[{"name":"wp","href":"https:\/\/api.w.org\/{rel}","templated":true}]}}