{"id":159,"date":"2025-04-07T13:39:18","date_gmt":"2025-04-07T13:39:18","guid":{"rendered":"https:\/\/vk8t29bqllu.preview.infomaniak.website\/?page_id=159"},"modified":"2025-04-22T13:49:08","modified_gmt":"2025-04-22T13:49:08","slug":"musician","status":"publish","type":"page","link":"https:\/\/www.aurelelouis.com\/fr\/musician\/","title":{"rendered":"MUSICIEN"},"content":{"rendered":"[et_pb_section fb_built=&#8221;1&#8243; custom_padding_last_edited=&#8221;on|phone&#8221; admin_label=&#8221;Header&#8221; _builder_version=&#8221;4.27.4&#8243; _module_preset=&#8221;default&#8221; background_color=&#8221;#005b8c&#8221; use_background_color_gradient=&#8221;on&#8221; background_color_gradient_stops=&#8221;#2b87da 0%|rgba(0,0,0,0.19) 71%&#8221; custom_padding=&#8221;||93px|||&#8221; custom_padding_tablet=&#8221;||93px|||&#8221; custom_padding_phone=&#8221;||0px||false|false&#8221; global_colors_info=&#8221;{}&#8221;][et_pb_row column_structure=&#8221;2_3,1_3&#8243; _builder_version=&#8221;4.27.4&#8243; _module_preset=&#8221;default&#8221; custom_padding=&#8221;||||false|false&#8221; global_colors_info=&#8221;{}&#8221;][et_pb_column type=&#8221;2_3&#8243; _builder_version=&#8221;4.16&#8243; _module_preset=&#8221;default&#8221; custom_padding=&#8221;7vw||||false|false&#8221; custom_padding_tablet=&#8221;0vw||||false|false&#8221; custom_padding_phone=&#8221;&#8221; custom_padding_last_edited=&#8221;on|tablet&#8221; global_colors_info=&#8221;{}&#8221;][et_pb_text _builder_version=&#8221;4.16&#8243; _module_preset=&#8221;b53a70bb-9f62-4ee5-b34f-c7a321ddbf6c&#8221; header_font=&#8221;Mulish|500|||||||&#8221; header_text_color=&#8221;#000000&#8243; header_font_size=&#8221;100px&#8221; header_letter_spacing=&#8221;-0.01em&#8221; header_line_height=&#8221;1.1em&#8221; custom_margin=&#8221;-33px||0px||false|false&#8221; header_font_size_tablet=&#8221;40px&#8221; header_font_size_phone=&#8221;24px&#8221; header_font_size_last_edited=&#8221;on|desktop&#8221; global_colors_info=&#8221;{}&#8221;]<h1><span style=\"color: #ffffff;\">Musicien<\/span><\/h1>[\/et_pb_text][et_pb_text _builder_version=&#8221;4.27.4&#8243; _module_preset=&#8221;default&#8221; min_height=&#8221;72.6px&#8221; custom_margin=&#8221;17px|||||&#8221; global_colors_info=&#8221;{}&#8221;]<div>\n<h4 style=\"text-align: justify;\"><span class=\"texteditor-inline-color\" style=\"color: #ffffff;\">Au fil des ans, j'ai jou\u00e9 et continue de jouer avec divers projets, dont Waldskin (studio et live), Conquest ! (studio et live), LOUISxMEMBREZ (studio et live) Veronica Fusaro (studio et live), Caroline Alves (live), Angie Ott (live), Marian Crole (studio et live), Smells Like K Spirit (studio et live) et ainsi de suite... N'h\u00e9sitez pas \u00e0 y jeter un coup d'\u0153il !<\/span><\/h4>\n<h4 style=\"text-align: justify;\"><span class=\"texteditor-inline-color\" style=\"color: #ffffff;\">Je joue le violoncelle, la guitare, la basse, les synth\u00e9tiseurs et Ableton.<\/span><\/h4>\n<h4 style=\"text-align: justify;\"><span class=\"texteditor-inline-color\" style=\"color: #ffffff;\">Je suis ouvert \u00e0 rejoindre des projets actifs, pro ou prometteurs. <strong>active, professional<\/strong> or promising projects.<\/span><\/h4>\n<p><span class=\"texteditor-inline-color\" style=\"color: #ffffff;\"><\/span><\/p>\n<\/div>[\/et_pb_text][\/et_pb_column][et_pb_column type=&#8221;1_3&#8243; _builder_version=&#8221;4.16&#8243; _module_preset=&#8221;default&#8221; global_colors_info=&#8221;{}&#8221;][\/et_pb_column][\/et_pb_row][\/et_pb_section][et_pb_section fb_built=&#8221;1&#8243; custom_padding_last_edited=&#8221;on|desktop&#8221; _builder_version=&#8221;4.27.4&#8243; _module_preset=&#8221;default&#8221; background_color=&#8221;#0a0000&#8243; custom_margin=&#8221;||0px||false|false&#8221; custom_padding_tablet=&#8221;&#8221; custom_padding_phone=&#8221;&#8221; global_colors_info=&#8221;{}&#8221; theme_builder_area=&#8221;post_content&#8221;][et_pb_row _builder_version=&#8221;4.27.4&#8243; _module_preset=&#8221;default&#8221; width_tablet=&#8221;100%&#8221; width_phone=&#8221;100%&#8221; width_last_edited=&#8221;on|tablet&#8221; custom_padding=&#8221;0px||||false|false&#8221; global_colors_info=&#8221;{}&#8221; theme_builder_area=&#8221;post_content&#8221;][et_pb_column type=&#8221;4_4&#8243; _builder_version=&#8221;4.16&#8243; _module_preset=&#8221;default&#8221; background_color=&#8221;#000000&#8243; custom_padding=&#8221;100px|60px|100px|60px|true|true&#8221; custom_padding_tablet=&#8221;30px|30px|30px|30px|true|true&#8221; custom_padding_phone=&#8221;50px|20px|50px|20px|true|true&#8221; custom_padding_last_edited=&#8221;on|tablet&#8221; global_colors_info=&#8221;{}&#8221; theme_builder_area=&#8221;post_content&#8221;][et_pb_contact_form email=&#8221;prod.aurelelouis@gmail.com&#8221; title=&#8221;CONTACT&#8221; _builder_version=&#8221;4.27.4&#8243; _module_preset=&#8221;default&#8221; _unique_id=&#8221;a52547ec-5548-4542-8482-35a8fc045f48&#8243; form_field_text_color=&#8221;#000000&#8243; form_field_focus_text_color=&#8221;#000000&#8243; title_text_color=&#8221;#FFFFFF&#8221; captcha_text_color=&#8221;#FFFFFF&#8221; custom_button=&#8221;on&#8221; button_text_color=&#8221;#FFFFFF&#8221; global_colors_info=&#8221;{}&#8221; theme_builder_area=&#8221;post_content&#8221;][et_pb_contact_field field_id=&#8221;Name&#8221; field_title=&#8221;Name&#8221; _builder_version=&#8221;4.16&#8243; global_colors_info=&#8221;{}&#8221; button_text_size__hover_enabled=&#8221;off&#8221; button_one_text_size__hover_enabled=&#8221;off&#8221; button_two_text_size__hover_enabled=&#8221;off&#8221; button_text_color__hover_enabled=&#8221;off&#8221; button_one_text_color__hover_enabled=&#8221;off&#8221; button_two_text_color__hover_enabled=&#8221;off&#8221; button_border_width__hover_enabled=&#8221;off&#8221; button_one_border_width__hover_enabled=&#8221;off&#8221; button_two_border_width__hover_enabled=&#8221;off&#8221; button_border_color__hover_enabled=&#8221;off&#8221; button_one_border_color__hover_enabled=&#8221;off&#8221; button_two_border_color__hover_enabled=&#8221;off&#8221; button_border_radius__hover_enabled=&#8221;off&#8221; button_one_border_radius__hover_enabled=&#8221;off&#8221; button_two_border_radius__hover_enabled=&#8221;off&#8221; button_letter_spacing__hover_enabled=&#8221;off&#8221; button_one_letter_spacing__hover_enabled=&#8221;off&#8221; button_two_letter_spacing__hover_enabled=&#8221;off&#8221; button_bg_color__hover_enabled=&#8221;off&#8221; button_one_bg_color__hover_enabled=&#8221;off&#8221; button_two_bg_color__hover_enabled=&#8221;off&#8221; theme_builder_area=&#8221;post_content&#8221;][\/et_pb_contact_field][et_pb_contact_field field_id=&#8221;Email&#8221; field_title=&#8221;Email Address&#8221; field_type=&#8221;email&#8221; _builder_version=&#8221;4.16&#8243; global_colors_info=&#8221;{}&#8221; button_text_size__hover_enabled=&#8221;off&#8221; button_one_text_size__hover_enabled=&#8221;off&#8221; button_two_text_size__hover_enabled=&#8221;off&#8221; button_text_color__hover_enabled=&#8221;off&#8221; button_one_text_color__hover_enabled=&#8221;off&#8221; button_two_text_color__hover_enabled=&#8221;off&#8221; button_border_width__hover_enabled=&#8221;off&#8221; button_one_border_width__hover_enabled=&#8221;off&#8221; button_two_border_width__hover_enabled=&#8221;off&#8221; button_border_color__hover_enabled=&#8221;off&#8221; button_one_border_color__hover_enabled=&#8221;off&#8221; button_two_border_color__hover_enabled=&#8221;off&#8221; button_border_radius__hover_enabled=&#8221;off&#8221; button_one_border_radius__hover_enabled=&#8221;off&#8221; button_two_border_radius__hover_enabled=&#8221;off&#8221; button_letter_spacing__hover_enabled=&#8221;off&#8221; button_one_letter_spacing__hover_enabled=&#8221;off&#8221; button_two_letter_spacing__hover_enabled=&#8221;off&#8221; button_bg_color__hover_enabled=&#8221;off&#8221; button_one_bg_color__hover_enabled=&#8221;off&#8221; button_two_bg_color__hover_enabled=&#8221;off&#8221; theme_builder_area=&#8221;post_content&#8221;][\/et_pb_contact_field][et_pb_contact_field field_id=&#8221;Message&#8221; field_title=&#8221;Message&#8221; field_type=&#8221;text&#8221; fullwidth_field=&#8221;on&#8221; _builder_version=&#8221;4.16&#8243; global_colors_info=&#8221;{}&#8221; button_text_size__hover_enabled=&#8221;off&#8221; button_one_text_size__hover_enabled=&#8221;off&#8221; button_two_text_size__hover_enabled=&#8221;off&#8221; button_text_color__hover_enabled=&#8221;off&#8221; button_one_text_color__hover_enabled=&#8221;off&#8221; button_two_text_color__hover_enabled=&#8221;off&#8221; button_border_width__hover_enabled=&#8221;off&#8221; button_one_border_width__hover_enabled=&#8221;off&#8221; button_two_border_width__hover_enabled=&#8221;off&#8221; button_border_color__hover_enabled=&#8221;off&#8221; button_one_border_color__hover_enabled=&#8221;off&#8221; button_two_border_color__hover_enabled=&#8221;off&#8221; button_border_radius__hover_enabled=&#8221;off&#8221; button_one_border_radius__hover_enabled=&#8221;off&#8221; button_two_border_radius__hover_enabled=&#8221;off&#8221; button_letter_spacing__hover_enabled=&#8221;off&#8221; button_one_letter_spacing__hover_enabled=&#8221;off&#8221; button_two_letter_spacing__hover_enabled=&#8221;off&#8221; button_bg_color__hover_enabled=&#8221;off&#8221; button_one_bg_color__hover_enabled=&#8221;off&#8221; button_two_bg_color__hover_enabled=&#8221;off&#8221; theme_builder_area=&#8221;post_content&#8221;][\/et_pb_contact_field][\/et_pb_contact_form][\/et_pb_column][\/et_pb_row][\/et_pb_section]","protected":false},"excerpt":{"rendered":"<p>Musician Over the years, I&#8217;ve played and continue to play with various projects including Waldskin (studio and live), Conquest! (studio and live), LOUISxMEMBREZ (studio and live) Veronica Fusaro (studio and live), Caroline Alves (live), Angie Ott (live), Marian Crole (studio and live), Smells Like K Spirit (studio and live) and so on&#8230; Feel free to [&hellip;]<\/p>","protected":false},"author":1,"featured_media":0,"parent":0,"menu_order":0,"comment_status":"closed","ping_status":"closed","template":"","meta":{"_et_pb_use_builder":"on","_et_pb_old_content":"","_et_gb_content_width":"","footnotes":""},"class_list":["post-159","page","type-page","status-publish","hentry"],"yoast_head":"<!-- This site is optimized with the Yoast SEO plugin v24.9 - https:\/\/yoast.com\/wordpress\/plugins\/seo\/ -->\n<title>MUSICIAN - Aur\u00e8le Louis<\/title>\n<meta name=\"description\" content=\"Multi instrumentalist (cello, guitar, synth and bass) always open for new projects and concerts. Newcomers welcome.\" \/>\n<meta name=\"robots\" content=\"index, follow, max-snippet:-1, max-image-preview:large, max-video-preview:-1\" \/>\n<link rel=\"canonical\" href=\"https:\/\/www.aurelelouis.com\/fr\/musician\/\" \/>\n<meta property=\"og:locale\" content=\"fr_FR\" \/>\n<meta property=\"og:type\" content=\"article\" \/>\n<meta property=\"og:title\" content=\"MUSICIAN - Aur\u00e8le Louis\" \/>\n<meta property=\"og:description\" content=\"Multi instrumentalist (cello, guitar, synth and bass) always open for new projects and concerts. Newcomers welcome.\" \/>\n<meta property=\"og:url\" content=\"https:\/\/www.aurelelouis.com\/fr\/musician\/\" \/>\n<meta property=\"og:site_name\" content=\"Aur\u00e8le Louis\" \/>\n<meta property=\"article:modified_time\" content=\"2025-04-22T13:49:08+00:00\" \/>\n<meta name=\"twitter:card\" content=\"summary_large_image\" \/>\n<meta name=\"twitter:label1\" content=\"Dur\u00e9e de lecture estim\u00e9e\" \/>\n\t<meta name=\"twitter:data1\" content=\"1 minute\" \/>\n<script type=\"application\/ld+json\" class=\"yoast-schema-graph\">{\"@context\":\"https:\/\/schema.org\",\"@graph\":[{\"@type\":\"WebPage\",\"@id\":\"https:\/\/www.aurelelouis.com\/musician\/\",\"url\":\"https:\/\/www.aurelelouis.com\/musician\/\",\"name\":\"MUSICIAN - Aur\u00e8le Louis\",\"isPartOf\":{\"@id\":\"https:\/\/www.aurelelouis.com\/#website\"},\"datePublished\":\"2025-04-07T13:39:18+00:00\",\"dateModified\":\"2025-04-22T13:49:08+00:00\",\"description\":\"Multi instrumentalist (cello, guitar, synth and bass) always open for new projects and concerts. Newcomers welcome.\",\"breadcrumb\":{\"@id\":\"https:\/\/www.aurelelouis.com\/musician\/#breadcrumb\"},\"inLanguage\":\"fr-FR\",\"potentialAction\":[{\"@type\":\"ReadAction\",\"target\":[\"https:\/\/www.aurelelouis.com\/musician\/\"]}]},{\"@type\":\"BreadcrumbList\",\"@id\":\"https:\/\/www.aurelelouis.com\/musician\/#breadcrumb\",\"itemListElement\":[{\"@type\":\"ListItem\",\"position\":1,\"name\":\"Home\",\"item\":\"https:\/\/www.aurelelouis.com\/\"},{\"@type\":\"ListItem\",\"position\":2,\"name\":\"MUSICIAN\"}]},{\"@type\":\"WebSite\",\"@id\":\"https:\/\/www.aurelelouis.com\/#website\",\"url\":\"https:\/\/www.aurelelouis.com\/\",\"name\":\"Aur\u00e8le Louis\",\"description\":\"Producer and musician\",\"publisher\":{\"@id\":\"https:\/\/www.aurelelouis.com\/#\/schema\/person\/aef6aab55ee8c4f5849c4cb855a841f8\"},\"potentialAction\":[{\"@type\":\"SearchAction\",\"target\":{\"@type\":\"EntryPoint\",\"urlTemplate\":\"https:\/\/www.aurelelouis.com\/?s={search_term_string}\"},\"query-input\":{\"@type\":\"PropertyValueSpecification\",\"valueRequired\":true,\"valueName\":\"search_term_string\"}}],\"inLanguage\":\"fr-FR\"},{\"@type\":[\"Person\",\"Organization\"],\"@id\":\"https:\/\/www.aurelelouis.com\/#\/schema\/person\/aef6aab55ee8c4f5849c4cb855a841f8\",\"name\":\"prod.aurelelouis@gmail.com\",\"image\":{\"@type\":\"ImageObject\",\"inLanguage\":\"fr-FR\",\"@id\":\"https:\/\/www.aurelelouis.com\/#\/schema\/person\/image\/\",\"url\":\"https:\/\/www.aurelelouis.com\/wp-content\/uploads\/2025\/04\/cropped-LOGO.png\",\"contentUrl\":\"https:\/\/www.aurelelouis.com\/wp-content\/uploads\/2025\/04\/cropped-LOGO.png\",\"width\":512,\"height\":512,\"caption\":\"prod.aurelelouis@gmail.com\"},\"logo\":{\"@id\":\"https:\/\/www.aurelelouis.com\/#\/schema\/person\/image\/\"},\"sameAs\":[\"https:\/\/adf.aurelelouis.com\"]}]}<\/script>\n<!-- \/ Yoast SEO plugin. -->","yoast_head_json":{"title":"MUSICIAN - Aur\u00e8le Louis","description":"Multi instrumentalist (cello, guitar, synth and bass) always open for new projects and concerts. Newcomers welcome.","robots":{"index":"index","follow":"follow","max-snippet":"max-snippet:-1","max-image-preview":"max-image-preview:large","max-video-preview":"max-video-preview:-1"},"canonical":"https:\/\/www.aurelelouis.com\/fr\/musician\/","og_locale":"fr_FR","og_type":"article","og_title":"MUSICIAN - Aur\u00e8le Louis","og_description":"Multi instrumentalist (cello, guitar, synth and bass) always open for new projects and concerts. Newcomers welcome.","og_url":"https:\/\/www.aurelelouis.com\/fr\/musician\/","og_site_name":"Aur\u00e8le Louis","article_modified_time":"2025-04-22T13:49:08+00:00","twitter_card":"summary_large_image","twitter_misc":{"Dur\u00e9e de lecture estim\u00e9e":"1 minute"},"schema":{"@context":"https:\/\/schema.org","@graph":[{"@type":"WebPage","@id":"https:\/\/www.aurelelouis.com\/musician\/","url":"https:\/\/www.aurelelouis.com\/musician\/","name":"MUSICIAN - Aur\u00e8le Louis","isPartOf":{"@id":"https:\/\/www.aurelelouis.com\/#website"},"datePublished":"2025-04-07T13:39:18+00:00","dateModified":"2025-04-22T13:49:08+00:00","description":"Multi instrumentalist (cello, guitar, synth and bass) always open for new projects and concerts. Newcomers welcome.","breadcrumb":{"@id":"https:\/\/www.aurelelouis.com\/musician\/#breadcrumb"},"inLanguage":"fr-FR","potentialAction":[{"@type":"ReadAction","target":["https:\/\/www.aurelelouis.com\/musician\/"]}]},{"@type":"BreadcrumbList","@id":"https:\/\/www.aurelelouis.com\/musician\/#breadcrumb","itemListElement":[{"@type":"ListItem","position":1,"name":"Home","item":"https:\/\/www.aurelelouis.com\/"},{"@type":"ListItem","position":2,"name":"MUSICIAN"}]},{"@type":"WebSite","@id":"https:\/\/www.aurelelouis.com\/#website","url":"https:\/\/www.aurelelouis.com\/","name":"Aur\u00e8le Louis","description":"Producer and musician","publisher":{"@id":"https:\/\/www.aurelelouis.com\/#\/schema\/person\/aef6aab55ee8c4f5849c4cb855a841f8"},"potentialAction":[{"@type":"SearchAction","target":{"@type":"EntryPoint","urlTemplate":"https:\/\/www.aurelelouis.com\/?s={search_term_string}"},"query-input":{"@type":"PropertyValueSpecification","valueRequired":true,"valueName":"search_term_string"}}],"inLanguage":"fr-FR"},{"@type":["Person","Organization"],"@id":"https:\/\/www.aurelelouis.com\/#\/schema\/person\/aef6aab55ee8c4f5849c4cb855a841f8","name":"prod.aurelelouis@gmail.com","image":{"@type":"ImageObject","inLanguage":"fr-FR","@id":"https:\/\/www.aurelelouis.com\/#\/schema\/person\/image\/","url":"https:\/\/www.aurelelouis.com\/wp-content\/uploads\/2025\/04\/cropped-LOGO.png","contentUrl":"https:\/\/www.aurelelouis.com\/wp-content\/uploads\/2025\/04\/cropped-LOGO.png","width":512,"height":512,"caption":"prod.aurelelouis@gmail.com"},"logo":{"@id":"https:\/\/www.aurelelouis.com\/#\/schema\/person\/image\/"},"sameAs":["https:\/\/adf.aurelelouis.com"]}]}},"_links":{"self":[{"href":"https:\/\/www.aurelelouis.com\/fr\/wp-json\/wp\/v2\/pages\/159","targetHints":{"allow":["GET"]}}],"collection":[{"href":"https:\/\/www.aurelelouis.com\/fr\/wp-json\/wp\/v2\/pages"}],"about":[{"href":"https:\/\/www.aurelelouis.com\/fr\/wp-json\/wp\/v2\/types\/page"}],"author":[{"embeddable":true,"href":"https:\/\/www.aurelelouis.com\/fr\/wp-json\/wp\/v2\/users\/1"}],"replies":[{"embeddable":true,"href":"https:\/\/www.aurelelouis.com\/fr\/wp-json\/wp\/v2\/comments?post=159"}],"version-history":[{"count":7,"href":"https:\/\/www.aurelelouis.com\/fr\/wp-json\/wp\/v2\/pages\/159\/revisions"}],"predecessor-version":[{"id":355,"href":"https:\/\/www.aurelelouis.com\/fr\/wp-json\/wp\/v2\/pages\/159\/revisions\/355"}],"wp:attachment":[{"href":"https:\/\/www.aurelelouis.com\/fr\/wp-json\/wp\/v2\/media?parent=159"}],"curies":[{"name":"wp","href":"https:\/\/api.w.org\/{rel}","templated":true}]}}