{"id":145,"date":"2025-04-07T13:02:06","date_gmt":"2025-04-07T13:02:06","guid":{"rendered":"https:\/\/vk8t29bqllu.preview.infomaniak.website\/?page_id=145"},"modified":"2025-04-22T13:54:05","modified_gmt":"2025-04-22T13:54:05","slug":"teaching","status":"publish","type":"page","link":"https:\/\/www.aurelelouis.com\/fr\/teaching\/","title":{"rendered":"COURS"},"content":{"rendered":"[et_pb_section fb_built=&#8221;1&#8243; admin_label=&#8221;Header&#8221; _builder_version=&#8221;4.27.4&#8243; _module_preset=&#8221;default&#8221; background_color=&#8221;#005b8c&#8221; use_background_color_gradient=&#8221;on&#8221; background_color_gradient_stops=&#8221;#2b87da 0%|rgba(0,0,0,0.19) 71%&#8221; global_colors_info=&#8221;{}&#8221;][et_pb_row column_structure=&#8221;2_3,1_3&#8243; _builder_version=&#8221;4.27.4&#8243; _module_preset=&#8221;default&#8221; custom_padding=&#8221;||||false|false&#8221; global_colors_info=&#8221;{}&#8221;][et_pb_column type=&#8221;2_3&#8243; _builder_version=&#8221;4.16&#8243; _module_preset=&#8221;default&#8221; custom_padding=&#8221;7vw||||false|false&#8221; custom_padding_tablet=&#8221;0vw||||false|false&#8221; custom_padding_phone=&#8221;&#8221; custom_padding_last_edited=&#8221;on|tablet&#8221; global_colors_info=&#8221;{}&#8221;][et_pb_text _builder_version=&#8221;4.16&#8243; _module_preset=&#8221;b53a70bb-9f62-4ee5-b34f-c7a321ddbf6c&#8221; header_font=&#8221;Mulish|500|||||||&#8221; header_text_color=&#8221;#000000&#8243; header_font_size=&#8221;100px&#8221; header_letter_spacing=&#8221;-0.01em&#8221; header_line_height=&#8221;1.1em&#8221; custom_margin=&#8221;-33px||0px||false|false&#8221; header_font_size_tablet=&#8221;40px&#8221; header_font_size_phone=&#8221;24px&#8221; header_font_size_last_edited=&#8221;on|desktop&#8221; global_colors_info=&#8221;{}&#8221;]<h1><span style=\"color: #ffffff;\">Cours<\/span><\/h1>[\/et_pb_text][et_pb_text _builder_version=&#8221;4.27.4&#8243; _module_preset=&#8221;default&#8221; min_height=&#8221;72.6px&#8221; min_height_tablet=&#8221;72.6px&#8221; min_height_phone=&#8221;72.6px&#8221; min_height_last_edited=&#8221;on|phone&#8221; custom_margin=&#8221;17px||||false|false&#8221; global_colors_info=&#8221;{}&#8221;]<h4><span style=\"color: #ffffff;\">Que ce soit en fran\u00e7ais, en allemand ou en anglais, pour des particuliers ou des groupes, j'enseigne Ableton, la production musicale, le sound design, les synth\u00e9tiseurs, le mixage et Max dans mon studio. J'enregistre \u00e9galement les cours pour que vous puissiez les revoir chez vous.<\/span><\/h4>[\/et_pb_text][\/et_pb_column][et_pb_column type=&#8221;1_3&#8243; _builder_version=&#8221;4.16&#8243; _module_preset=&#8221;default&#8221; global_colors_info=&#8221;{}&#8221;][\/et_pb_column][\/et_pb_row][et_pb_row column_structure=&#8221;1_2,1_2&#8243; _builder_version=&#8221;4.27.4&#8243; _module_preset=&#8221;default&#8221; min_height=&#8221;320.4px&#8221; min_height_tablet=&#8221;320.4px&#8221; min_height_phone=&#8221;320.4px&#8221; min_height_last_edited=&#8221;on|phone&#8221; global_colors_info=&#8221;{}&#8221;][et_pb_column type=&#8221;1_2&#8243; _builder_version=&#8221;4.27.4&#8243; _module_preset=&#8221;default&#8221; global_colors_info=&#8221;{}&#8221;][et_pb_image src=&#8221;http:\/\/www.aurelelouis.com\/wp-content\/uploads\/2025\/04\/Artboard-1-1.webp&#8221; title_text=&#8221;Artboard-1-1&#8243; _builder_version=&#8221;4.27.4&#8243; _module_preset=&#8221;default&#8221; global_colors_info=&#8221;{}&#8221;][\/et_pb_image][\/et_pb_column][et_pb_column type=&#8221;1_2&#8243; _builder_version=&#8221;4.27.4&#8243; _module_preset=&#8221;default&#8221; global_colors_info=&#8221;{}&#8221;][et_pb_text _builder_version=&#8221;4.27.4&#8243; _module_preset=&#8221;default&#8221; min_height=&#8221;138.6px&#8221; custom_margin=&#8221;87px|||||&#8221; custom_margin_tablet=&#8221;87px|||||&#8221; custom_margin_phone=&#8221;0px||||false|false&#8221; custom_margin_last_edited=&#8221;on|phone&#8221; global_colors_info=&#8221;{}&#8221;]<h4><span style=\"color: #ffffff;\">Synth\u00e9tiseurs mat\u00e9riels, logiciels, Eurorack, bo\u00eetes \u00e0 rythmes, grooveboxes - tout y passe ! Les synth\u00e9s sont pr\u00e9sents dans presque toutes les chansons modernes. Enfin, apprenez \u00e0 utiliser et \u00e0 programmer ces instruments sans vous contenter des pr\u00e9r\u00e9glages !<\/span><\/h4>[\/et_pb_text][\/et_pb_column][\/et_pb_row][et_pb_row column_structure=&#8221;1_2,1_2&#8243; _builder_version=&#8221;4.27.4&#8243; _module_preset=&#8221;default&#8221; min_height_tablet=&#8221;&#8221; min_height_phone=&#8221;&#8221; min_height_last_edited=&#8221;on|desktop&#8221; global_colors_info=&#8221;{}&#8221;][et_pb_column type=&#8221;1_2&#8243; _builder_version=&#8221;4.27.4&#8243; _module_preset=&#8221;default&#8221; global_colors_info=&#8221;{}&#8221;][et_pb_image src=&#8221;https:\/\/vk8t29bqllu.preview.infomaniak.website\/wp-content\/uploads\/2025\/04\/live-12-standard-edu-hd-2-206208.png&#8221; title_text=&#8221;live-12-standard-edu-hd-2-206208&#8243; _builder_version=&#8221;4.27.4&#8243; _module_preset=&#8221;default&#8221; global_colors_info=&#8221;{}&#8221;][\/et_pb_image][\/et_pb_column][et_pb_column type=&#8221;1_2&#8243; _builder_version=&#8221;4.27.4&#8243; _module_preset=&#8221;default&#8221; global_colors_info=&#8221;{}&#8221;][et_pb_text _builder_version=&#8221;4.27.4&#8243; _module_preset=&#8221;default&#8221; min_height=&#8221;138.6px&#8221; custom_margin=&#8221;87px|||||&#8221; custom_margin_tablet=&#8221;87px|||||&#8221; custom_margin_phone=&#8221;0px||||false|false&#8221; custom_margin_last_edited=&#8221;on|phone&#8221; custom_padding_tablet=&#8221;&#8221; custom_padding_phone=&#8221;&#8221; custom_padding_last_edited=&#8221;on|phone&#8221; global_colors_info=&#8221;{}&#8221;]<h4><span style=\"color: #ffffff;\">Ableton est le logiciel leader pour la cr\u00e9ation et la production. N'achetez pas votre licence avant de m'avoir contact\u00e9, car j'offre des r\u00e9ductions importantes pour les formations. Apprenez \u00e0 composer, produire et mixer vos chansons !<\/span><\/h4>[\/et_pb_text][\/et_pb_column][\/et_pb_row][\/et_pb_section][et_pb_section fb_built=&#8221;1&#8243; admin_label=&#8221;Feature&#8221; _builder_version=&#8221;4.16&#8243; _module_preset=&#8221;default&#8221; custom_padding=&#8221;47px||30px|||&#8221; locked=&#8221;off&#8221; global_colors_info=&#8221;{}&#8221;][et_pb_row column_structure=&#8221;1_2,1_2&#8243; _builder_version=&#8221;4.27.4&#8243; _module_preset=&#8221;default&#8221; min_height=&#8221;320.4px&#8221; global_colors_info=&#8221;{}&#8221;][et_pb_column type=&#8221;1_2&#8243; _builder_version=&#8221;4.27.4&#8243; _module_preset=&#8221;default&#8221; global_colors_info=&#8221;{}&#8221;][et_pb_image src=&#8221;https:\/\/vk8t29bqllu.preview.infomaniak.website\/wp-content\/uploads\/2025\/04\/AdobeStock_179840737-1024&#215;662-1.jpeg&#8221; title_text=&#8221;Professional sound and audio mixer control panel with buttons and sliders&#8221; _builder_version=&#8221;4.27.4&#8243; _module_preset=&#8221;default&#8221; global_colors_info=&#8221;{}&#8221;][\/et_pb_image][\/et_pb_column][et_pb_column type=&#8221;1_2&#8243; _builder_version=&#8221;4.27.4&#8243; _module_preset=&#8221;default&#8221; global_colors_info=&#8221;{}&#8221;][et_pb_text _builder_version=&#8221;4.27.4&#8243; _module_preset=&#8221;default&#8221; min_height=&#8221;75.6px&#8221; custom_margin=&#8221;101px|||||&#8221; custom_margin_tablet=&#8221;101px|||||&#8221; custom_margin_phone=&#8221;0px||||false|false&#8221; custom_margin_last_edited=&#8221;on|phone&#8221; global_colors_info=&#8221;{}&#8221;]<div><span style=\"color: #ffffff; font-size: large;\">Apprenez \u00e0 enregistrer et \u00e0 mixer de la musique dans la bo\u00eete ou avec du mat\u00e9riel analogique. Je travaille principalement avec StudioOne, Ableton et un peu de Logic.<\/span><\/div>\n<div><span style=\"color: #ffffff; font-size: large;\"><\/span><\/div>\n<div><span style=\"color: #ffffff; font-size: large;\"><\/span><\/div>\n<div><span style=\"color: #ffffff; font-size: large;\"><\/span><\/div>\n<div><span style=\"color: #ffffff; font-size: large;\"><\/span><\/div>[\/et_pb_text][\/et_pb_column][\/et_pb_row][et_pb_row column_structure=&#8221;1_2,1_2&#8243; _builder_version=&#8221;4.27.4&#8243; _module_preset=&#8221;default&#8221; global_colors_info=&#8221;{}&#8221;][et_pb_column type=&#8221;1_2&#8243; _builder_version=&#8221;4.27.4&#8243; _module_preset=&#8221;default&#8221; global_colors_info=&#8221;{}&#8221;][et_pb_image src=&#8221;https:\/\/vk8t29bqllu.preview.infomaniak.website\/wp-content\/uploads\/2025\/04\/Screen-Shot-2022-04-28-at-10.46.19-AM.png&#8221; title_text=&#8221;Screen Shot 2022-04-28 at 10.46.19 AM&#8221; _builder_version=&#8221;4.27.4&#8243; _module_preset=&#8221;default&#8221; custom_margin=&#8221;||7px|||&#8221; global_colors_info=&#8221;{}&#8221;][\/et_pb_image][\/et_pb_column][et_pb_column type=&#8221;1_2&#8243; _builder_version=&#8221;4.27.4&#8243; _module_preset=&#8221;default&#8221; global_colors_info=&#8221;{}&#8221;][et_pb_text _builder_version=&#8221;4.27.4&#8243; _module_preset=&#8221;default&#8221; min_height=&#8221;138.6px&#8221; custom_margin=&#8221;66px||||false|false&#8221; custom_margin_tablet=&#8221;40px|||||&#8221; custom_margin_phone=&#8221;0px||||false|false&#8221; custom_margin_last_edited=&#8221;on|phone&#8221; global_colors_info=&#8221;{}&#8221;]<h4><span style=\"color: #ffffff;\">Max (anciennement Max\/MSP) est l'un des outils les plus puissants pour concevoir des installations artistiques, des expositions, des objets\/\u00e9crans interactifs, etc. Ce cours s'adresse uniquement aux d\u00e9butants.<\/span><\/h4>\n<div><span style=\"color: #ffffff; font-size: large;\"><\/span><\/div>\n<div><span style=\"color: #ffffff; font-size: large;\"><\/span><\/div>\n<div><span style=\"color: #ffffff; font-size: large;\"><\/span><\/div>\n<div><span style=\"color: #ffffff; font-size: large;\"><\/span><\/div>[\/et_pb_text][\/et_pb_column][\/et_pb_row][\/et_pb_section][et_pb_section fb_built=&#8221;1&#8243; custom_padding_last_edited=&#8221;on|desktop&#8221; _builder_version=&#8221;4.27.4&#8243; _module_preset=&#8221;default&#8221; background_color=&#8221;#0a0000&#8243; custom_margin=&#8221;||0px||false|false&#8221; custom_padding_tablet=&#8221;&#8221; custom_padding_phone=&#8221;&#8221; global_colors_info=&#8221;{}&#8221; theme_builder_area=&#8221;post_content&#8221;][et_pb_row _builder_version=&#8221;4.27.4&#8243; _module_preset=&#8221;default&#8221; width_tablet=&#8221;100%&#8221; width_phone=&#8221;100%&#8221; width_last_edited=&#8221;on|tablet&#8221; custom_padding=&#8221;0px||||false|false&#8221; global_colors_info=&#8221;{}&#8221; theme_builder_area=&#8221;post_content&#8221;][et_pb_column type=&#8221;4_4&#8243; _builder_version=&#8221;4.16&#8243; _module_preset=&#8221;default&#8221; background_color=&#8221;#000000&#8243; custom_padding=&#8221;100px|60px|100px|60px|true|true&#8221; custom_padding_tablet=&#8221;30px|30px|30px|30px|true|true&#8221; custom_padding_phone=&#8221;50px|20px|50px|20px|true|true&#8221; custom_padding_last_edited=&#8221;on|tablet&#8221; global_colors_info=&#8221;{}&#8221; theme_builder_area=&#8221;post_content&#8221;][et_pb_contact_form email=&#8221;prod.aurelelouis@gmail.com&#8221; title=&#8221;CONTACT&#8221; _builder_version=&#8221;4.27.4&#8243; _module_preset=&#8221;default&#8221; _unique_id=&#8221;a52547ec-5548-4542-8482-35a8fc045f48&#8243; form_field_text_color=&#8221;#000000&#8243; form_field_focus_text_color=&#8221;#000000&#8243; title_text_color=&#8221;#FFFFFF&#8221; captcha_text_color=&#8221;#FFFFFF&#8221; custom_button=&#8221;on&#8221; button_text_color=&#8221;#FFFFFF&#8221; global_colors_info=&#8221;{}&#8221; theme_builder_area=&#8221;post_content&#8221;][et_pb_contact_field field_id=&#8221;Name&#8221; field_title=&#8221;Name&#8221; _builder_version=&#8221;4.16&#8243; global_colors_info=&#8221;{}&#8221; button_text_size__hover_enabled=&#8221;off&#8221; button_one_text_size__hover_enabled=&#8221;off&#8221; button_two_text_size__hover_enabled=&#8221;off&#8221; button_text_color__hover_enabled=&#8221;off&#8221; button_one_text_color__hover_enabled=&#8221;off&#8221; button_two_text_color__hover_enabled=&#8221;off&#8221; button_border_width__hover_enabled=&#8221;off&#8221; button_one_border_width__hover_enabled=&#8221;off&#8221; button_two_border_width__hover_enabled=&#8221;off&#8221; button_border_color__hover_enabled=&#8221;off&#8221; button_one_border_color__hover_enabled=&#8221;off&#8221; button_two_border_color__hover_enabled=&#8221;off&#8221; button_border_radius__hover_enabled=&#8221;off&#8221; button_one_border_radius__hover_enabled=&#8221;off&#8221; button_two_border_radius__hover_enabled=&#8221;off&#8221; button_letter_spacing__hover_enabled=&#8221;off&#8221; button_one_letter_spacing__hover_enabled=&#8221;off&#8221; button_two_letter_spacing__hover_enabled=&#8221;off&#8221; button_bg_color__hover_enabled=&#8221;off&#8221; button_one_bg_color__hover_enabled=&#8221;off&#8221; button_two_bg_color__hover_enabled=&#8221;off&#8221; theme_builder_area=&#8221;post_content&#8221;][\/et_pb_contact_field][et_pb_contact_field field_id=&#8221;Email&#8221; field_title=&#8221;Email Address&#8221; field_type=&#8221;email&#8221; _builder_version=&#8221;4.16&#8243; global_colors_info=&#8221;{}&#8221; button_text_size__hover_enabled=&#8221;off&#8221; button_one_text_size__hover_enabled=&#8221;off&#8221; button_two_text_size__hover_enabled=&#8221;off&#8221; button_text_color__hover_enabled=&#8221;off&#8221; button_one_text_color__hover_enabled=&#8221;off&#8221; button_two_text_color__hover_enabled=&#8221;off&#8221; button_border_width__hover_enabled=&#8221;off&#8221; button_one_border_width__hover_enabled=&#8221;off&#8221; button_two_border_width__hover_enabled=&#8221;off&#8221; button_border_color__hover_enabled=&#8221;off&#8221; button_one_border_color__hover_enabled=&#8221;off&#8221; button_two_border_color__hover_enabled=&#8221;off&#8221; button_border_radius__hover_enabled=&#8221;off&#8221; button_one_border_radius__hover_enabled=&#8221;off&#8221; button_two_border_radius__hover_enabled=&#8221;off&#8221; button_letter_spacing__hover_enabled=&#8221;off&#8221; button_one_letter_spacing__hover_enabled=&#8221;off&#8221; button_two_letter_spacing__hover_enabled=&#8221;off&#8221; button_bg_color__hover_enabled=&#8221;off&#8221; button_one_bg_color__hover_enabled=&#8221;off&#8221; button_two_bg_color__hover_enabled=&#8221;off&#8221; theme_builder_area=&#8221;post_content&#8221;][\/et_pb_contact_field][et_pb_contact_field field_id=&#8221;Message&#8221; field_title=&#8221;Message&#8221; field_type=&#8221;text&#8221; fullwidth_field=&#8221;on&#8221; _builder_version=&#8221;4.16&#8243; global_colors_info=&#8221;{}&#8221; button_text_size__hover_enabled=&#8221;off&#8221; button_one_text_size__hover_enabled=&#8221;off&#8221; button_two_text_size__hover_enabled=&#8221;off&#8221; button_text_color__hover_enabled=&#8221;off&#8221; button_one_text_color__hover_enabled=&#8221;off&#8221; button_two_text_color__hover_enabled=&#8221;off&#8221; button_border_width__hover_enabled=&#8221;off&#8221; button_one_border_width__hover_enabled=&#8221;off&#8221; button_two_border_width__hover_enabled=&#8221;off&#8221; button_border_color__hover_enabled=&#8221;off&#8221; button_one_border_color__hover_enabled=&#8221;off&#8221; button_two_border_color__hover_enabled=&#8221;off&#8221; button_border_radius__hover_enabled=&#8221;off&#8221; button_one_border_radius__hover_enabled=&#8221;off&#8221; button_two_border_radius__hover_enabled=&#8221;off&#8221; button_letter_spacing__hover_enabled=&#8221;off&#8221; button_one_letter_spacing__hover_enabled=&#8221;off&#8221; button_two_letter_spacing__hover_enabled=&#8221;off&#8221; button_bg_color__hover_enabled=&#8221;off&#8221; button_one_bg_color__hover_enabled=&#8221;off&#8221; button_two_bg_color__hover_enabled=&#8221;off&#8221; theme_builder_area=&#8221;post_content&#8221;][\/et_pb_contact_field][\/et_pb_contact_form][\/et_pb_column][\/et_pb_row][\/et_pb_section]","protected":false},"excerpt":{"rendered":"<p>TeachingWhether in French, German, or English, for individuals or groups, I teach Ableton, music production, sound design, synthesizers, mixing, and Max in my studio. I also record the lessons so you can rewatch them at home.Hardware synths, software, Eurorack, drum machines, grooveboxes\u2014you name it! Synths are present in almost every modern song. Finally, learn how [&hellip;]<\/p>","protected":false},"author":1,"featured_media":0,"parent":0,"menu_order":0,"comment_status":"closed","ping_status":"closed","template":"","meta":{"_et_pb_use_builder":"on","_et_pb_old_content":"","_et_gb_content_width":"","footnotes":""},"class_list":["post-145","page","type-page","status-publish","hentry"],"yoast_head":"<!-- This site is optimized with the Yoast SEO plugin v24.9 - https:\/\/yoast.com\/wordpress\/plugins\/seo\/ -->\n<title>TEACHING - Aur\u00e8le Louis<\/title>\n<meta name=\"description\" content=\"Teaching Ableton, production, synthesizers and MaxMSP (Max) in La Neuveville Switzerland. Fair price and video recording of the lesson for you\" \/>\n<meta name=\"robots\" content=\"index, follow, max-snippet:-1, max-image-preview:large, max-video-preview:-1\" \/>\n<link rel=\"canonical\" href=\"https:\/\/www.aurelelouis.com\/fr\/teaching\/\" \/>\n<meta property=\"og:locale\" content=\"fr_FR\" \/>\n<meta property=\"og:type\" content=\"article\" \/>\n<meta property=\"og:title\" content=\"TEACHING - Aur\u00e8le Louis\" \/>\n<meta property=\"og:description\" content=\"Teaching Ableton, production, synthesizers and MaxMSP (Max) in La Neuveville Switzerland. Fair price and video recording of the lesson for you\" \/>\n<meta property=\"og:url\" content=\"https:\/\/www.aurelelouis.com\/fr\/teaching\/\" \/>\n<meta property=\"og:site_name\" content=\"Aur\u00e8le Louis\" \/>\n<meta property=\"article:modified_time\" content=\"2025-04-22T13:54:05+00:00\" \/>\n<meta name=\"twitter:card\" content=\"summary_large_image\" \/>\n<meta name=\"twitter:label1\" content=\"Dur\u00e9e de lecture estim\u00e9e\" \/>\n\t<meta name=\"twitter:data1\" content=\"2 minutes\" \/>\n<script type=\"application\/ld+json\" class=\"yoast-schema-graph\">{\"@context\":\"https:\/\/schema.org\",\"@graph\":[{\"@type\":\"WebPage\",\"@id\":\"https:\/\/www.aurelelouis.com\/fr\/teaching\/\",\"url\":\"https:\/\/www.aurelelouis.com\/fr\/teaching\/\",\"name\":\"TEACHING - Aur\u00e8le Louis\",\"isPartOf\":{\"@id\":\"https:\/\/www.aurelelouis.com\/#website\"},\"datePublished\":\"2025-04-07T13:02:06+00:00\",\"dateModified\":\"2025-04-22T13:54:05+00:00\",\"description\":\"Teaching Ableton, production, synthesizers and MaxMSP (Max) in La Neuveville Switzerland. Fair price and video recording of the lesson for you\",\"breadcrumb\":{\"@id\":\"https:\/\/www.aurelelouis.com\/fr\/teaching\/#breadcrumb\"},\"inLanguage\":\"fr-FR\",\"potentialAction\":[{\"@type\":\"ReadAction\",\"target\":[\"https:\/\/www.aurelelouis.com\/fr\/teaching\/\"]}]},{\"@type\":\"BreadcrumbList\",\"@id\":\"https:\/\/www.aurelelouis.com\/fr\/teaching\/#breadcrumb\",\"itemListElement\":[{\"@type\":\"ListItem\",\"position\":1,\"name\":\"Home\",\"item\":\"https:\/\/www.aurelelouis.com\/\"},{\"@type\":\"ListItem\",\"position\":2,\"name\":\"TEACHING\"}]},{\"@type\":\"WebSite\",\"@id\":\"https:\/\/www.aurelelouis.com\/#website\",\"url\":\"https:\/\/www.aurelelouis.com\/\",\"name\":\"Aur\u00e8le Louis\",\"description\":\"Producer and musician\",\"publisher\":{\"@id\":\"https:\/\/www.aurelelouis.com\/#\/schema\/person\/aef6aab55ee8c4f5849c4cb855a841f8\"},\"potentialAction\":[{\"@type\":\"SearchAction\",\"target\":{\"@type\":\"EntryPoint\",\"urlTemplate\":\"https:\/\/www.aurelelouis.com\/?s={search_term_string}\"},\"query-input\":{\"@type\":\"PropertyValueSpecification\",\"valueRequired\":true,\"valueName\":\"search_term_string\"}}],\"inLanguage\":\"fr-FR\"},{\"@type\":[\"Person\",\"Organization\"],\"@id\":\"https:\/\/www.aurelelouis.com\/#\/schema\/person\/aef6aab55ee8c4f5849c4cb855a841f8\",\"name\":\"prod.aurelelouis@gmail.com\",\"image\":{\"@type\":\"ImageObject\",\"inLanguage\":\"fr-FR\",\"@id\":\"https:\/\/www.aurelelouis.com\/#\/schema\/person\/image\/\",\"url\":\"https:\/\/www.aurelelouis.com\/wp-content\/uploads\/2025\/04\/cropped-LOGO.png\",\"contentUrl\":\"https:\/\/www.aurelelouis.com\/wp-content\/uploads\/2025\/04\/cropped-LOGO.png\",\"width\":512,\"height\":512,\"caption\":\"prod.aurelelouis@gmail.com\"},\"logo\":{\"@id\":\"https:\/\/www.aurelelouis.com\/#\/schema\/person\/image\/\"},\"sameAs\":[\"https:\/\/adf.aurelelouis.com\"]}]}<\/script>\n<!-- \/ Yoast SEO plugin. -->","yoast_head_json":{"title":"TEACHING - Aur\u00e8le Louis","description":"Teaching Ableton, production, synthesizers and MaxMSP (Max) in La Neuveville Switzerland. Fair price and video recording of the lesson for you","robots":{"index":"index","follow":"follow","max-snippet":"max-snippet:-1","max-image-preview":"max-image-preview:large","max-video-preview":"max-video-preview:-1"},"canonical":"https:\/\/www.aurelelouis.com\/fr\/teaching\/","og_locale":"fr_FR","og_type":"article","og_title":"TEACHING - Aur\u00e8le Louis","og_description":"Teaching Ableton, production, synthesizers and MaxMSP (Max) in La Neuveville Switzerland. Fair price and video recording of the lesson for you","og_url":"https:\/\/www.aurelelouis.com\/fr\/teaching\/","og_site_name":"Aur\u00e8le Louis","article_modified_time":"2025-04-22T13:54:05+00:00","twitter_card":"summary_large_image","twitter_misc":{"Dur\u00e9e de lecture estim\u00e9e":"2 minutes"},"schema":{"@context":"https:\/\/schema.org","@graph":[{"@type":"WebPage","@id":"https:\/\/www.aurelelouis.com\/fr\/teaching\/","url":"https:\/\/www.aurelelouis.com\/fr\/teaching\/","name":"TEACHING - Aur\u00e8le Louis","isPartOf":{"@id":"https:\/\/www.aurelelouis.com\/#website"},"datePublished":"2025-04-07T13:02:06+00:00","dateModified":"2025-04-22T13:54:05+00:00","description":"Teaching Ableton, production, synthesizers and MaxMSP (Max) in La Neuveville Switzerland. Fair price and video recording of the lesson for you","breadcrumb":{"@id":"https:\/\/www.aurelelouis.com\/fr\/teaching\/#breadcrumb"},"inLanguage":"fr-FR","potentialAction":[{"@type":"ReadAction","target":["https:\/\/www.aurelelouis.com\/fr\/teaching\/"]}]},{"@type":"BreadcrumbList","@id":"https:\/\/www.aurelelouis.com\/fr\/teaching\/#breadcrumb","itemListElement":[{"@type":"ListItem","position":1,"name":"Home","item":"https:\/\/www.aurelelouis.com\/"},{"@type":"ListItem","position":2,"name":"TEACHING"}]},{"@type":"WebSite","@id":"https:\/\/www.aurelelouis.com\/#website","url":"https:\/\/www.aurelelouis.com\/","name":"Aur\u00e8le Louis","description":"Producer and musician","publisher":{"@id":"https:\/\/www.aurelelouis.com\/#\/schema\/person\/aef6aab55ee8c4f5849c4cb855a841f8"},"potentialAction":[{"@type":"SearchAction","target":{"@type":"EntryPoint","urlTemplate":"https:\/\/www.aurelelouis.com\/?s={search_term_string}"},"query-input":{"@type":"PropertyValueSpecification","valueRequired":true,"valueName":"search_term_string"}}],"inLanguage":"fr-FR"},{"@type":["Person","Organization"],"@id":"https:\/\/www.aurelelouis.com\/#\/schema\/person\/aef6aab55ee8c4f5849c4cb855a841f8","name":"prod.aurelelouis@gmail.com","image":{"@type":"ImageObject","inLanguage":"fr-FR","@id":"https:\/\/www.aurelelouis.com\/#\/schema\/person\/image\/","url":"https:\/\/www.aurelelouis.com\/wp-content\/uploads\/2025\/04\/cropped-LOGO.png","contentUrl":"https:\/\/www.aurelelouis.com\/wp-content\/uploads\/2025\/04\/cropped-LOGO.png","width":512,"height":512,"caption":"prod.aurelelouis@gmail.com"},"logo":{"@id":"https:\/\/www.aurelelouis.com\/#\/schema\/person\/image\/"},"sameAs":["https:\/\/adf.aurelelouis.com"]}]}},"_links":{"self":[{"href":"https:\/\/www.aurelelouis.com\/fr\/wp-json\/wp\/v2\/pages\/145","targetHints":{"allow":["GET"]}}],"collection":[{"href":"https:\/\/www.aurelelouis.com\/fr\/wp-json\/wp\/v2\/pages"}],"about":[{"href":"https:\/\/www.aurelelouis.com\/fr\/wp-json\/wp\/v2\/types\/page"}],"author":[{"embeddable":true,"href":"https:\/\/www.aurelelouis.com\/fr\/wp-json\/wp\/v2\/users\/1"}],"replies":[{"embeddable":true,"href":"https:\/\/www.aurelelouis.com\/fr\/wp-json\/wp\/v2\/comments?post=145"}],"version-history":[{"count":10,"href":"https:\/\/www.aurelelouis.com\/fr\/wp-json\/wp\/v2\/pages\/145\/revisions"}],"predecessor-version":[{"id":357,"href":"https:\/\/www.aurelelouis.com\/fr\/wp-json\/wp\/v2\/pages\/145\/revisions\/357"}],"wp:attachment":[{"href":"https:\/\/www.aurelelouis.com\/fr\/wp-json\/wp\/v2\/media?parent=145"}],"curies":[{"name":"wp","href":"https:\/\/api.w.org\/{rel}","templated":true}]}}